{"id":1025,"date":"2020-05-27T14:32:20","date_gmt":"2020-05-27T14:32:20","guid":{"rendered":"https:\/\/de.alfasigma.com\/?page_id=1025"},"modified":"2025-07-21T09:30:47","modified_gmt":"2025-07-21T09:30:47","slug":"datenschutzerklaerung","status":"publish","type":"page","link":"https:\/\/de.alfasigma.com\/?page_id=1025","title":{"rendered":"Datenschutzerkl\u00e4rung"},"content":{"rendered":"<h2>Datenschutzerkl\u00e4rung f\u00fcr diese Webseite<\/h2>\n<p>Sehr geehrte Nutzerin,<br \/>\nSehr geehrter Nutzer,<\/p>\n<p>die Alfasigma GmbH mit Sitz und Verwaltung in c\/o Design Offices Macherei, Weihenstephaner Str. 12, 81673 M\u00fcnchen, m\u00f6chte Sie in ihrer Eigenschaft als Verantwortliche\/Verantwortlicher f\u00fcr die Datenverarbeitung \u00fcber die Zwecke und Mittel der Verarbeitung Ihrer personenbezogenen Daten informieren.<\/p>\n<p>Diese Informationen werden gem\u00e4\u00df Art. 13, 14 der Verordnung (EU) 2016\/679 zum Schutz nat\u00fcrlicher Personen bei der Verarbeitung personenbezogener Daten (Datenschutz-Grundverordnung \u2013 DSGVO) und den geltenden lokalen Vorschriften zur Verf\u00fcgung gestellt.<\/p>\n<h3>Datenschutzrechtlich Verantwortliche und Datenschutzbeauftragte<\/h3>\n<p>Verantwortliche f\u00fcr die Webseite im Sinne des Datenschutzrechts ist die<\/p>\n<p>Alfasigma GmbH<br \/>\nc\/o Design Offices Macherei<br \/>\nWeihenstephaner Str. 12<br \/>\n81673 M\u00fcnchen<\/p>\n<p>Die Datenschutzbeauftragte kann bei Fragen zur Verarbeitung Ihrer Daten unter folgender E-Mail-Adresse kontaktiert werden: <a href=\"mailto:privacydpo@alfasigma.com\">privacydpo@alfasigma.com<\/a>.<\/p>\n<h3>Zwecke der Verarbeitung<\/h3>\n<h4>a) Allgemeine Websitenavigation<\/h4>\n<p>Die f\u00fcr den Betrieb dieser Webseite verwendeten Computersysteme und Softwareverfahren erfassen w\u00e4hrend ihrer normalen Funktion personenbezogene Daten, deren \u00dcbermittlung mit der Verwendung von Internet-Kommunikationsprotokollen einhergeht.<\/p>\n<p>Diese Informationen werden nicht erhoben, um sie mit einer bestimmten, identifizierten oder identifizierbaren Person zu verkn\u00fcpfen. Es ist jedoch nicht ausgeschlossen, dass diese Informationen aufgrund ihrer Art durch die Verarbeitung und Verkn\u00fcpfung mit Daten in der Hand von Dritten eine Identifizierung von Nutzerinnen und Nutzern erm\u00f6glichen.<\/p>\n<p>In diese Datenkategorie fallen die IP-Adressen oder Dom\u00e4nennamen der Computer, die von Nutzerinnen und Nutzern f\u00fcr den Besuch der Webseite verwendet werden, die URI-Adressen (Uniform Ressource Identifier) der angeforderten Ressourcen, die Uhrzeit der Anforderung, die zur \u00dcbermittlung der Anforderung an den Server verwendete Methode, die Gr\u00f6\u00dfe der als Antwort erhaltenen Datei, der numerische Code mit dem Status der vom Server erhaltenen Antwort (erfolgreich, Fehler usw.) und andere Parameter, die sich auf das Betriebssystem und die Computerumgebung beziehen.<\/p>\n<p>Diese f\u00fcr die Nutzung der Webseite erforderlichen Daten werden ausschlie\u00dflich zu folgenden Zwecken verwendet:<\/p>\n<ul>\n<li>Gewinnung anonymisierter statistischer Informationen \u00fcber die Nutzung der Webseite<\/li>\n<li>Pr\u00fcfung der einwandfreien Funktion der Webseite<\/li>\n<\/ul>\n<p>Die zum Zweck der allgemeinen Webseitennavigation verarbeiteten Daten werden unverz\u00fcglich nach der Verarbeitung gel\u00f6scht.<\/p>\n<p>Die Daten k\u00f6nnen verwendet werden, um Verantwortlichkeiten im Falle m\u00f6glicher Cyber-Kriminalit\u00e4t gegen die Webseite festzustellen. Abgesehen davon werden die Daten \u00fcber Webkontakte derzeit nicht l\u00e4nger als sieben Tage gespeichert.<\/p>\n<p>Rechtsgrundlage ist Art. 6 Abs. 1 S. 1 lit. f) DSGVO. Das berechtigte Interesse liegt in der Zurverf\u00fcgungstellung einer funktionalen und nutzerfreundlichen Webseite. Im Falle der rechtswidrigen Nutzung dieser Webseite dienen diese Daten auch dazu, in Betracht kommende Rechtsverletzungen aufzukl\u00e4ren.<\/p>\n<h4>b) Von Nutzerinnen und Nutzern freiwillit bereitgestellte Daten<\/h4>\n<p>Die optionale, ausdr\u00fcckliche und freiwillige Zusendung von E-Mails an die auf dieser Webseite angegebenen Adressen, das eventuelle Ausf\u00fcllen von Formularen f\u00fcr Informations- und Kontaktanfragen, Anmeldungen und\/oder Newsletter sind verbunden mit der anschlie\u00dfenden Erfassung der E-Mail-Adresse der Absenderin und des Absenders, die f\u00fcr die Beantwortung von Anfragen erforderlich ist, sowie anderer personenbezogener Daten in der Nachricht oder im Zusammenhang mit dem angeforderten Dienst.<\/p>\n<p>Genauere zusammenfassende Informationen werden nach und nach auf den Seiten der Webseite f\u00fcr bestimmte Dienste auf Anfrage gemeldet oder angezeigt.<\/p>\n<p>Die Verarbeitung der genannten Daten erfolgt zur Durchf\u00fchrung vorvertraglicher Ma\u00dfnahmen oder zur Vertragserf\u00fcllung nach Art. 6 Abs. 1 Satz 1 lit. b) DSGVO.\u00a0Zudem kann die Verarbeitung der Daten auch zur Wahrung berechtigter Interessen der Betreiberin auf Grundlage einer Interessenabw\u00e4gung nach Art. 6 Abs. 1 Satz 1 lit. f) DSGVO vorgenommen werden. Im Falle der rechtswidrigen Nutzung dieser Webseite dienen diese Daten auch dazu, in Betracht kommende Rechtsverletzungen aufzukl\u00e4ren.<\/p>\n<h4>c) Cookies<\/h4>\n<p>Diese Webseite verwendet Cookies. Mit der Nutzung unserer Webseite geben Sie Ihre Einwilligung in die Verwendung von Cookies im Einklang mit den Bestimmungen zur Verwendung von Cookies in unserer Cookie-Richtlinie, die Sie \u00fcber den Link in der Fu\u00dfzeile der Webseite aufrufen k\u00f6nnen.<\/p>\n<p>Die Verarbeitung von Daten mittels technisch und funktional notwendiger Cookies erfolgt auf Grundlage von Art. 6 Abs. 1 S. 1 lit. b) DSGVO, um einen Vertrag anzubahnen oder zu schlie\u00dfen. Zudem kann die Verarbeitung der Daten auch zur Wahrung berechtigter Interessen der Betreiberin auf Grundlage einer Interessenabw\u00e4gung nach Art. 6 Abs. 1 Satz 1 lit. f) DSGVO vorgenommen werden.<\/p>\n<p>In den \u00fcbrigen F\u00e4llen erfolgt die Verarbeitung auf Grundlage Ihrer Einwilligung nach Art. 6 Abs. 1 S. 1 lit. a) DSGVO sowie \u00a7 25 Abs. 1 TTDG.<\/p>\n<h3>Empf\u00e4ngerinnen und Empf\u00e4nger personenbezogener Daten<\/h3>\n<p>Die erhobenen personenbezogenen Daten werden f\u00fcr die oben genannten Zwecke durch die Verantwortliche selbst oder durch von ihm eingesetzte Auftragsverarbeiter gem\u00e4\u00df Art. 28 DSGVO verarbeitet.<\/p>\n<p>Eine vollst\u00e4ndige Liste der Empf\u00e4ngerinnen und Empf\u00e4nger ist auf Anfrage per E-Mail an <a href=\"mailto:privacy.de@alfasigma.com\">privacy.de@alfasigma.com<\/a> erh\u00e4ltlich.<\/p>\n<p>Beachten Sie bitte, dass eine \u00dcbermittlung personenbezogener Daten an \u00f6ffentliche oder private Stellen nur dann erfolgt, wenn dies gesetzlich vorgeschrieben oder f\u00fcr die Erf\u00fcllung institutioneller Aufgaben erforderlich ist.<\/p>\n<h3>Internationaler Datentransfer<\/h3>\n<p>Die Verwaltung und Speicherung personenbezogener Daten erfolgt auf Servern der Verantwortlichen und des Verantwortlichen und\/oder von Auftragsverarbeitenden innerhalb der Europ\u00e4ischen Union. Derzeit befinden sich die Server in Italien. Die Daten werden derzeit nicht an L\u00e4nder au\u00dferhalb der Europ\u00e4ischen Union \u00fcbermittelt.<\/p>\n<p>Die Betreiberin hat jedoch stets das Recht, den Standort der Server erforderlichenfalls in Italien, innerhalb der Europ\u00e4ischen Union und\/oder in Drittl\u00e4nder zu verlegen.\u00a0In diesem Fall stellt die Datenverantwortliche schon jetzt sicher, dass die Daten\u00fcbermittlung an Drittl\u00e4nder im Einklang mit Artikel 44 ff. DSGVO und den anwendbaren gesetzlichen Bestimmungen erfolgt, indem er erforderlichenfalls Vertr\u00e4ge abschlie\u00dft, die ein angemessenes Schutzniveau gew\u00e4hrleisten.<\/p>\n<h3>Dauer der Datenspeicherung<\/h3>\n<p>Die Sie betreffenden Daten werden nach einem der folgenden Kriterien gespeichert:<\/p>\n<ul>\n<li>nicht l\u00e4nger, als es f\u00fcr die Erreichung der Zwecke, f\u00fcr die sie verarbeitet werden, erforderlich ist<\/li>\n<li>\u00a0nicht l\u00e4nger, als es zur Erf\u00fcllung beh\u00f6rdlicher Verpflichtungen erforderlich ist<\/li>\n<\/ul>\n<h3>Automatisierte Entscheidungsfindung<\/h3>\n<p>Daten aus dem Besuch dieser Webseite werden nicht f\u00fcr eine automatisierte Entscheidungsfindung im Sinne von Art. 22 DSGVO genutzt.<\/p>\n<h3>Rechte der betroffenen Personen<\/h3>\n<p>Wir informieren Sie, dass Sie hinsichtlich der vom Verantwortlichen verarbeiteten Daten jederzeit Ihre Rechte nach Artikel 15 bis 22 DSGVO aus\u00fcben k\u00f6nnen.<\/p>\n<p>Sie haben gegen\u00fcber der\/dem Verantwortlichen folgende Rechte hinsichtlich der Sie betreffenden personenbezogenen Daten:<\/p>\n<ul>\n<li>Recht auf Auskunft<\/li>\n<li>Recht auf Berichtigung oder L\u00f6schung<\/li>\n<li>Recht auf Einschr\u00e4nkung der Verarbeitung<\/li>\n<li>Recht auf Widerspruch gegen die Verarbeitung<\/li>\n<li>Recht auf Daten\u00fcbertragbarkeit<\/li>\n<li>Recht auf Widerruf von erteilten Einwilligungen mit Wirkung f\u00fcr die Zukunft<\/li>\n<\/ul>\n<p>Sie haben zudem das Recht, sich bei einer Datenschutz-Aufsichtsbeh\u00f6rde \u00fcber die Verarbeitung Ihrer personenbezogenen Daten durch die Verantwortliche zu beschweren.<\/p>\n<p>Ihre Rechte k\u00f6nnen Sie durch schriftlichen Antrag aus\u00fcben. Nutzen Sie gegebenenfalls das \u00fcber den Link \u201eRechte der betroffenen Personen\u201c in der Fu\u00dfzeile der Webseite abrufbare Formular aus.<\/p>\n<p>Die\/der Verantwortliche stellt Ihnen Informationen \u00fcber die auf Antrag gem\u00e4\u00df den Artikeln 15 bis 22 ergriffenen Ma\u00dfnahmen unverz\u00fcglich, in jedem Fall aber innerhalb eines Monats nach Eingang des Antrags zur Verf\u00fcgung. Diese Frist kann um zwei Monate verl\u00e4ngert werden, wenn dies unter Ber\u00fccksichtigung der Komplexit\u00e4t und der Anzahl von Antr\u00e4gen erforderlich ist. Die Datenverantwortliche unterrichtet die betroffene Person innerhalb eines Monats nach Eingang des Antrags \u00fcber eine Fristverl\u00e4ngerung sowie die Gr\u00fcnde f\u00fcr die Verz\u00f6gerung.<\/p>\n<h3>\u00c4nderung der vorliegenden Informationen<\/h3>\n<p>Die vorliegenden Informationen k\u00f6nnen sich \u00e4ndern. Wir empfehlen Ihnen daher, diese Richtlinie regelm\u00e4\u00dfig nachzuschlagen und die jeweils aktuelle Fassung zu verwenden.<\/p>\n<p>Stand: Mai 2025<\/p>\n<p><!-- OneTrust Privacy Notice end --><\/p>\n<p>&nbsp;<\/p>\n","protected":false},"excerpt":{"rendered":"<p>Datenschutzerkl\u00e4rung f\u00fcr diese Webseite Sehr geehrte Nutzerin, Sehr geehrter Nutzer, die Alfasigma GmbH mit Sitz und Verwaltung in c\/o Design Offices Macherei, Weihenstephaner Str. 12, 81673 M\u00fcnchen, m\u00f6chte Sie in ihrer Eigenschaft als Verantwortliche\/Verantwortlicher f\u00fcr die Datenverarbeitung \u00fcber die Zwecke und Mittel der Verarbeitung Ihrer personenbezogenen Daten informieren. Diese Informationen werden gem\u00e4\u00df Art. 13, 14 &hellip; <a href=\"https:\/\/de.alfasigma.com\/?page_id=1025\">Continued<\/a><\/p>\n","protected":false},"author":1,"featured_media":0,"parent":0,"menu_order":0,"comment_status":"closed","ping_status":"closed","template":"","meta":{"_acf_changed":false,"footnotes":""},"class_list":["post-1025","page","type-page","status-publish","hentry"],"acf":[],"yoast_head":"<!-- This site is optimized with the Yoast SEO plugin v27.3 - https:\/\/yoast.com\/product\/yoast-seo-wordpress\/ -->\n<title>Alfasigma GmbH - Datenschutzerkl\u00e4rung<\/title>\n<meta name=\"robots\" content=\"index,follow\" \/>\n<link rel=\"canonical\" href=\"https:\/\/de.alfasigma.com\/?page_id=1025\" \/>\n<meta property=\"og:locale\" content=\"de_DE\" \/>\n<meta property=\"og:type\" content=\"article\" \/>\n<meta property=\"og:title\" content=\"Alfasigma GmbH - Datenschutzerkl\u00e4rung\" \/>\n<meta property=\"og:description\" content=\"Datenschutzerkl\u00e4rung f\u00fcr diese Webseite Sehr geehrte Nutzerin, Sehr geehrter Nutzer, die Alfasigma GmbH mit Sitz und Verwaltung in c\/o Design Offices Macherei, Weihenstephaner Str. 12, 81673 M\u00fcnchen, m\u00f6chte Sie in ihrer Eigenschaft als Verantwortliche\/Verantwortlicher f\u00fcr die Datenverarbeitung \u00fcber die Zwecke und Mittel der Verarbeitung Ihrer personenbezogenen Daten informieren. Diese Informationen werden gem\u00e4\u00df Art. 13, 14 &hellip; Continued\" \/>\n<meta property=\"og:url\" content=\"https:\/\/de.alfasigma.com\/?page_id=1025\" \/>\n<meta property=\"og:site_name\" content=\"Alfasigma GmbH\" \/>\n<meta property=\"article:modified_time\" content=\"2025-07-21T09:30:47+00:00\" \/>\n<meta name=\"twitter:card\" content=\"summary_large_image\" \/>\n<meta name=\"twitter:label1\" content=\"Gesch\u00e4tzte Lesezeit\" \/>\n\t<meta name=\"twitter:data1\" content=\"7\u00a0Minuten\" \/>\n<script type=\"application\/ld+json\" class=\"yoast-schema-graph\">{\"@context\":\"https:\\\/\\\/schema.org\",\"@graph\":[{\"@type\":\"WebPage\",\"@id\":\"https:\\\/\\\/de.alfasigma.com\\\/?page_id=1025\",\"url\":\"https:\\\/\\\/de.alfasigma.com\\\/?page_id=1025\",\"name\":\"Alfasigma GmbH - Datenschutzerkl\u00e4rung\",\"isPartOf\":{\"@id\":\"https:\\\/\\\/de.alfasigma.com\\\/#website\"},\"datePublished\":\"2020-05-27T14:32:20+00:00\",\"dateModified\":\"2025-07-21T09:30:47+00:00\",\"breadcrumb\":{\"@id\":\"https:\\\/\\\/de.alfasigma.com\\\/?page_id=1025#breadcrumb\"},\"inLanguage\":\"de\",\"potentialAction\":[{\"@type\":\"ReadAction\",\"target\":[\"https:\\\/\\\/de.alfasigma.com\\\/?page_id=1025\"]}]},{\"@type\":\"BreadcrumbList\",\"@id\":\"https:\\\/\\\/de.alfasigma.com\\\/?page_id=1025#breadcrumb\",\"itemListElement\":[{\"@type\":\"ListItem\",\"position\":1,\"name\":\"Home\",\"item\":\"https:\\\/\\\/de.alfasigma.com\\\/\"},{\"@type\":\"ListItem\",\"position\":2,\"name\":\"Datenschutzerkl\u00e4rung\"}]},{\"@type\":\"WebSite\",\"@id\":\"https:\\\/\\\/de.alfasigma.com\\\/#website\",\"url\":\"https:\\\/\\\/de.alfasigma.com\\\/\",\"name\":\"Alfasigma GmbH\",\"description\":\"Pharmaceuticals with passion\",\"potentialAction\":[{\"@type\":\"SearchAction\",\"target\":{\"@type\":\"EntryPoint\",\"urlTemplate\":\"https:\\\/\\\/de.alfasigma.com\\\/?s={search_term_string}\"},\"query-input\":{\"@type\":\"PropertyValueSpecification\",\"valueRequired\":true,\"valueName\":\"search_term_string\"}}],\"inLanguage\":\"de\"}]}<\/script>\n<!-- \/ Yoast SEO plugin. -->","yoast_head_json":{"title":"Alfasigma GmbH - Datenschutzerkl\u00e4rung","robots":{"index,follow":"index,follow"},"canonical":"https:\/\/de.alfasigma.com\/?page_id=1025","og_locale":"de_DE","og_type":"article","og_title":"Alfasigma GmbH - Datenschutzerkl\u00e4rung","og_description":"Datenschutzerkl\u00e4rung f\u00fcr diese Webseite Sehr geehrte Nutzerin, Sehr geehrter Nutzer, die Alfasigma GmbH mit Sitz und Verwaltung in c\/o Design Offices Macherei, Weihenstephaner Str. 12, 81673 M\u00fcnchen, m\u00f6chte Sie in ihrer Eigenschaft als Verantwortliche\/Verantwortlicher f\u00fcr die Datenverarbeitung \u00fcber die Zwecke und Mittel der Verarbeitung Ihrer personenbezogenen Daten informieren. Diese Informationen werden gem\u00e4\u00df Art. 13, 14 &hellip; Continued","og_url":"https:\/\/de.alfasigma.com\/?page_id=1025","og_site_name":"Alfasigma GmbH","article_modified_time":"2025-07-21T09:30:47+00:00","twitter_card":"summary_large_image","twitter_misc":{"Gesch\u00e4tzte Lesezeit":"7\u00a0Minuten"},"schema":{"@context":"https:\/\/schema.org","@graph":[{"@type":"WebPage","@id":"https:\/\/de.alfasigma.com\/?page_id=1025","url":"https:\/\/de.alfasigma.com\/?page_id=1025","name":"Alfasigma GmbH - Datenschutzerkl\u00e4rung","isPartOf":{"@id":"https:\/\/de.alfasigma.com\/#website"},"datePublished":"2020-05-27T14:32:20+00:00","dateModified":"2025-07-21T09:30:47+00:00","breadcrumb":{"@id":"https:\/\/de.alfasigma.com\/?page_id=1025#breadcrumb"},"inLanguage":"de","potentialAction":[{"@type":"ReadAction","target":["https:\/\/de.alfasigma.com\/?page_id=1025"]}]},{"@type":"BreadcrumbList","@id":"https:\/\/de.alfasigma.com\/?page_id=1025#breadcrumb","itemListElement":[{"@type":"ListItem","position":1,"name":"Home","item":"https:\/\/de.alfasigma.com\/"},{"@type":"ListItem","position":2,"name":"Datenschutzerkl\u00e4rung"}]},{"@type":"WebSite","@id":"https:\/\/de.alfasigma.com\/#website","url":"https:\/\/de.alfasigma.com\/","name":"Alfasigma GmbH","description":"Pharmaceuticals with passion","potentialAction":[{"@type":"SearchAction","target":{"@type":"EntryPoint","urlTemplate":"https:\/\/de.alfasigma.com\/?s={search_term_string}"},"query-input":{"@type":"PropertyValueSpecification","valueRequired":true,"valueName":"search_term_string"}}],"inLanguage":"de"}]}},"_links":{"self":[{"href":"https:\/\/de.alfasigma.com\/index.php?rest_route=\/wp\/v2\/pages\/1025","targetHints":{"allow":["GET"]}}],"collection":[{"href":"https:\/\/de.alfasigma.com\/index.php?rest_route=\/wp\/v2\/pages"}],"about":[{"href":"https:\/\/de.alfasigma.com\/index.php?rest_route=\/wp\/v2\/types\/page"}],"author":[{"embeddable":true,"href":"https:\/\/de.alfasigma.com\/index.php?rest_route=\/wp\/v2\/users\/1"}],"replies":[{"embeddable":true,"href":"https:\/\/de.alfasigma.com\/index.php?rest_route=%2Fwp%2Fv2%2Fcomments&post=1025"}],"version-history":[{"count":6,"href":"https:\/\/de.alfasigma.com\/index.php?rest_route=\/wp\/v2\/pages\/1025\/revisions"}],"predecessor-version":[{"id":5527,"href":"https:\/\/de.alfasigma.com\/index.php?rest_route=\/wp\/v2\/pages\/1025\/revisions\/5527"}],"wp:attachment":[{"href":"https:\/\/de.alfasigma.com\/index.php?rest_route=%2Fwp%2Fv2%2Fmedia&parent=1025"}],"curies":[{"name":"wp","href":"https:\/\/api.w.org\/{rel}","templated":true}]}}