{"id":1271,"date":"2020-06-23T09:41:20","date_gmt":"2020-06-23T09:41:20","guid":{"rendered":"https:\/\/de.alfasigma.com\/?page_id=1271"},"modified":"2023-11-13T10:04:29","modified_gmt":"2023-11-13T10:04:29","slug":"unser-ziel","status":"publish","type":"page","link":"https:\/\/de.alfasigma.com\/?page_id=1271","title":{"rendered":"Unser Ziel"},"content":{"rendered":"\t\t<div data-elementor-type=\"wp-page\" data-elementor-id=\"1271\" class=\"elementor elementor-1271\" data-elementor-post-type=\"page\">\n\t\t\t\t\t\t<section data-particle_enable=\"false\" data-particle-mobile-disabled=\"false\" class=\"elementor-section elementor-top-section elementor-element elementor-element-f2a4cc0 elementor-section-stretched elementor-section-height-min-height elementor-section-items-top elementor-section-boxed elementor-section-height-default\" data-id=\"f2a4cc0\" data-element_type=\"section\" data-e-type=\"section\" data-settings=\"{&quot;stretch_section&quot;:&quot;section-stretched&quot;,&quot;background_background&quot;:&quot;classic&quot;}\">\n\t\t\t\t\t\t\t<div class=\"elementor-background-overlay\"><\/div>\n\t\t\t\t\t\t\t<div class=\"elementor-container elementor-column-gap-default\">\n\t\t\t\t\t<div class=\"elementor-column elementor-col-100 elementor-top-column elementor-element elementor-element-9bf0525\" data-id=\"9bf0525\" data-element_type=\"column\" data-e-type=\"column\">\n\t\t\t<div class=\"elementor-widget-wrap elementor-element-populated\">\n\t\t\t\t\t\t<div class=\"elementor-element elementor-element-11d1e2d text-white font-weight-normal elementor-invisible elementor-widget elementor-widget-heading\" data-id=\"11d1e2d\" data-element_type=\"widget\" data-e-type=\"widget\" data-settings=\"{&quot;_animation&quot;:&quot;slideInLeft&quot;}\" data-widget_type=\"heading.default\">\n\t\t\t\t<div class=\"elementor-widget-container\">\n\t\t\t\t\t<p class=\"elementor-heading-title elementor-size-default\">Unser Unternehmen \/ Unser Ziel\n\n<\/p>\t\t\t\t<\/div>\n\t\t\t\t<\/div>\n\t\t\t\t<div class=\"elementor-element elementor-element-0e2b855 text-white elementor-invisible elementor-widget elementor-widget-heading\" data-id=\"0e2b855\" data-element_type=\"widget\" data-e-type=\"widget\" data-settings=\"{&quot;_animation&quot;:&quot;slideInLeft&quot;}\" data-widget_type=\"heading.default\">\n\t\t\t\t<div class=\"elementor-widget-container\">\n\t\t\t\t\t<h1 class=\"elementor-heading-title elementor-size-default\">Mit Leidenschaft<br>\nans Ziel<\/h1>\t\t\t\t<\/div>\n\t\t\t\t<\/div>\n\t\t\t\t\t<\/div>\n\t\t<\/div>\n\t\t\t\t\t<\/div>\n\t\t<\/section>\n\t\t\t\t<section data-particle_enable=\"false\" data-particle-mobile-disabled=\"false\" class=\"elementor-section elementor-top-section elementor-element elementor-element-ed5fb1f elementor-section-boxed elementor-section-height-default elementor-section-height-default\" data-id=\"ed5fb1f\" data-element_type=\"section\" data-e-type=\"section\">\n\t\t\t\t\t\t<div class=\"elementor-container elementor-column-gap-default\">\n\t\t\t\t\t<div class=\"elementor-column elementor-col-100 elementor-top-column elementor-element elementor-element-34e7c43 elementor-invisible\" data-id=\"34e7c43\" data-element_type=\"column\" data-e-type=\"column\" data-settings=\"{&quot;animation&quot;:&quot;fadeIn&quot;}\">\n\t\t\t<div class=\"elementor-widget-wrap elementor-element-populated\">\n\t\t\t\t\t\t<div class=\"elementor-element elementor-element-8460a8a text-third elementor-widget elementor-widget-text-editor\" data-id=\"8460a8a\" data-element_type=\"widget\" data-e-type=\"widget\" data-widget_type=\"text-editor.default\">\n\t\t\t\t<div class=\"elementor-widget-container\">\n\t\t\t\t\t\t\t\t\t<p>Unser Ziel ist mehr Gesundheit und eine bessere Lebensqualit\u00e4t f\u00fcr Patient:innen. Das ist unsere Inspiration, und wir setzen alles daran, das Leben von Patient:innen zu verbessern.<\/p><p>Alfasigma hat sich zum Ziel gesetzt, bis 2025 zum f\u00fchrenden Spezialunternehmen zu werden, das Patient:innen auf der ganzen Welt in therapeutischen Bereichen wie Gastroenterologie und Gef\u00e4\u00dferkrankungen betreut und mit gelebten Partnerschaften den Alltag von Healthcare Professionals ver\u00e4ndert.<\/p><p>Unsere Kultur basiert auf drei Grundwerten, die uns t\u00e4glich inspirieren: Integrit\u00e4t, Ausdauer und Leidenschaft. Im Mittelpunkt unserer Geschichte steht die LEIDENSCHAFT.<\/p><ul><li><em>Pharmaceuticals with Passion<\/em> ist unser Firmenmotto: Die Mitarbeiter:innen von Alfasigma waren schon immer mit Leidenschaft bei der Sache - und werden es auch in Zukunft sein.<\/li><li><em>Pharmaceuticals with Passion<\/em> fokussiert auf die Gesundheit der Menschen.<\/li><li><em>Pharmaceuticals with Passion<\/em> hei\u00dft, wir geben unser Bestes.<\/li><li><em>Pharmaceuticals with Passion<\/em> ist der Mehrwert f\u00fcr \u00c4rzt:innen und Apotheker:innen, f\u00fcr Patient:innen und unsere Mitarbeiter:innen. F\u00fcr unser Gesundheitssystem.<\/li><\/ul><p>So leisten wir unseren Beitrag \u2013 mit Herz und Verstand. So machen wir einen echten Unterschied und unterst\u00fctzen Patient:innen, ihr Leben zu leben.<\/p>\t\t\t\t\t\t\t\t<\/div>\n\t\t\t\t<\/div>\n\t\t\t\t\t<\/div>\n\t\t<\/div>\n\t\t\t\t\t<\/div>\n\t\t<\/section>\n\t\t\t\t<section data-particle_enable=\"false\" data-particle-mobile-disabled=\"false\" class=\"elementor-section elementor-top-section elementor-element elementor-element-d6dba9c bg-primary elementor-section-boxed elementor-section-height-default elementor-section-height-default\" data-id=\"d6dba9c\" data-element_type=\"section\" data-e-type=\"section\">\n\t\t\t\t\t\t<div class=\"elementor-container elementor-column-gap-extended\">\n\t\t\t\t\t<div class=\"elementor-column elementor-col-100 elementor-top-column elementor-element elementor-element-04d3c9e elementor-invisible\" data-id=\"04d3c9e\" data-element_type=\"column\" data-e-type=\"column\" data-settings=\"{&quot;animation&quot;:&quot;fadeIn&quot;}\">\n\t\t\t<div class=\"elementor-widget-wrap elementor-element-populated\">\n\t\t\t\t\t\t<div class=\"elementor-element elementor-element-46fd1d2 elementor-widget elementor-widget-heading\" data-id=\"46fd1d2\" data-element_type=\"widget\" data-e-type=\"widget\" data-widget_type=\"heading.default\">\n\t\t\t\t<div class=\"elementor-widget-container\">\n\t\t\t\t\t<h3 class=\"elementor-heading-title elementor-size-default\">Finde mehr heraus\n<\/h3>\t\t\t\t<\/div>\n\t\t\t\t<\/div>\n\t\t\t\t\t<\/div>\n\t\t<\/div>\n\t\t\t\t\t<\/div>\n\t\t<\/section>\n\t\t\t\t<section data-particle_enable=\"false\" data-particle-mobile-disabled=\"false\" class=\"elementor-section elementor-top-section elementor-element elementor-element-b464e3c bg-primary elementor-section-boxed elementor-section-height-default elementor-section-height-default\" data-id=\"b464e3c\" data-element_type=\"section\" data-e-type=\"section\" data-settings=\"{&quot;animation&quot;:&quot;none&quot;}\">\n\t\t\t\t\t\t<div class=\"elementor-container elementor-column-gap-extended\">\n\t\t\t\t\t<div class=\"elementor-column elementor-col-33 elementor-top-column elementor-element elementor-element-a3fc3a8 elementor-invisible\" data-id=\"a3fc3a8\" data-element_type=\"column\" data-e-type=\"column\" data-settings=\"{&quot;animation&quot;:&quot;zoomIn&quot;}\">\n\t\t\t<div class=\"elementor-widget-wrap elementor-element-populated\">\n\t\t\t\t\t\t<div class=\"elementor-element elementor-element-cca8584 elementor-cta--skin-classic elementor-animated-content elementor-bg-transform elementor-bg-transform-zoom-in elementor-widget elementor-widget-call-to-action\" data-id=\"cca8584\" data-element_type=\"widget\" data-e-type=\"widget\" data-widget_type=\"call-to-action.default\">\n\t\t\t\t<div class=\"elementor-widget-container\">\n\t\t\t\t\t\t\t<a class=\"elementor-cta\" href=\"https:\/\/de.alfasigma.com\/unser-unternehmen\/kulturelle-werte\/\">\n\t\t\t\t\t<div class=\"elementor-cta__bg-wrapper\">\n\t\t\t\t<div class=\"elementor-cta__bg elementor-bg\" style=\"background-image: url(https:\/\/de.alfasigma.com\/wp-content\/uploads\/2020\/07\/Ourpeople_RM_1920x1080.jpg);\" role=\"img\" aria-label=\"Ourpeople_RM_1920x1080\"><\/div>\n\t\t\t\t<div class=\"elementor-cta__bg-overlay\"><\/div>\n\t\t\t<\/div>\n\t\t\t\t\t\t\t\t<\/a>\n\t\t\t\t\t\t<\/div>\n\t\t\t\t<\/div>\n\t\t\t\t<div class=\"elementor-element elementor-element-f0a7c0d elementor-widget elementor-widget-heading\" data-id=\"f0a7c0d\" data-element_type=\"widget\" data-e-type=\"widget\" data-widget_type=\"heading.default\">\n\t\t\t\t<div class=\"elementor-widget-container\">\n\t\t\t\t\t<h4 class=\"elementor-heading-title elementor-size-default\"><a href=\"https:\/\/de.alfasigma.com\/unser-unternehmen\/kulturelle-werte\/\">Kulturelle Werte<\/a><\/h4>\t\t\t\t<\/div>\n\t\t\t\t<\/div>\n\t\t\t\t<div class=\"elementor-element elementor-element-39eff21 elementor-widget elementor-widget-text-editor\" data-id=\"39eff21\" data-element_type=\"widget\" data-e-type=\"widget\" data-widget_type=\"text-editor.default\">\n\t\t\t\t<div class=\"elementor-widget-container\">\n\t\t\t\t\t\t\t\t\t<p>Unsere Kultur basiert auf drei Grundwerten: Integrit\u00e4t, Ausdauer und Leidenschaft.\u00a0<\/p>\t\t\t\t\t\t\t\t<\/div>\n\t\t\t\t<\/div>\n\t\t\t\t\t<\/div>\n\t\t<\/div>\n\t\t\t\t<div class=\"elementor-column elementor-col-33 elementor-top-column elementor-element elementor-element-2705f32 elementor-invisible\" data-id=\"2705f32\" data-element_type=\"column\" data-e-type=\"column\" data-settings=\"{&quot;animation&quot;:&quot;zoomIn&quot;}\">\n\t\t\t<div class=\"elementor-widget-wrap elementor-element-populated\">\n\t\t\t\t\t\t<div class=\"elementor-element elementor-element-aec62fa elementor-cta--skin-classic elementor-animated-content elementor-bg-transform elementor-bg-transform-zoom-in elementor-widget elementor-widget-call-to-action\" data-id=\"aec62fa\" data-element_type=\"widget\" data-e-type=\"widget\" data-widget_type=\"call-to-action.default\">\n\t\t\t\t<div class=\"elementor-widget-container\">\n\t\t\t\t\t\t\t<a class=\"elementor-cta\" href=\"https:\/\/de.alfasigma.com\/unser-unternehmen\/leadership-modell\/\">\n\t\t\t\t\t<div class=\"elementor-cta__bg-wrapper\">\n\t\t\t\t<div class=\"elementor-cta__bg elementor-bg\" style=\"background-image: url(https:\/\/de.alfasigma.com\/wp-content\/uploads\/2020\/06\/02B-cover_Leadership-model_1920x1080-scaled.jpg);\" role=\"img\" aria-label=\"02B-cover_Leadership-model_1920x1080\"><\/div>\n\t\t\t\t<div class=\"elementor-cta__bg-overlay\"><\/div>\n\t\t\t<\/div>\n\t\t\t\t\t\t\t\t<\/a>\n\t\t\t\t\t\t<\/div>\n\t\t\t\t<\/div>\n\t\t\t\t<div class=\"elementor-element elementor-element-bec10e6 elementor-widget elementor-widget-heading\" data-id=\"bec10e6\" data-element_type=\"widget\" data-e-type=\"widget\" data-widget_type=\"heading.default\">\n\t\t\t\t<div class=\"elementor-widget-container\">\n\t\t\t\t\t<h4 class=\"elementor-heading-title elementor-size-default\"><a href=\"https:\/\/de.alfasigma.com\/unser-unternehmen\/leadership-modell\/\">Leadership-Modell<\/a><\/h4>\t\t\t\t<\/div>\n\t\t\t\t<\/div>\n\t\t\t\t<div class=\"elementor-element elementor-element-6079dce elementor-widget elementor-widget-text-editor\" data-id=\"6079dce\" data-element_type=\"widget\" data-e-type=\"widget\" data-widget_type=\"text-editor.default\">\n\t\t\t\t<div class=\"elementor-widget-container\">\n\t\t\t\t\t\t\t\t\t<p>Im Jahr 2019 hat Alfasigma ein neues Leadership Model eingef\u00fchrt, das f\u00fcnf Verhaltensweisen f\u00fcr die t\u00e4gliche Praxis beschreibt.\u00a0<\/p>\t\t\t\t\t\t\t\t<\/div>\n\t\t\t\t<\/div>\n\t\t\t\t\t<\/div>\n\t\t<\/div>\n\t\t\t\t<div class=\"elementor-column elementor-col-33 elementor-top-column elementor-element elementor-element-421c8eb elementor-invisible\" data-id=\"421c8eb\" data-element_type=\"column\" data-e-type=\"column\" data-settings=\"{&quot;animation&quot;:&quot;zoomIn&quot;}\">\n\t\t\t<div class=\"elementor-widget-wrap elementor-element-populated\">\n\t\t\t\t\t\t<div class=\"elementor-element elementor-element-5ea334f elementor-cta--skin-classic elementor-animated-content elementor-bg-transform elementor-bg-transform-zoom-in elementor-widget elementor-widget-call-to-action\" data-id=\"5ea334f\" data-element_type=\"widget\" data-e-type=\"widget\" data-widget_type=\"call-to-action.default\">\n\t\t\t\t<div class=\"elementor-widget-container\">\n\t\t\t\t\t\t\t<a class=\"elementor-cta\" href=\"https:\/\/de.alfasigma.com\/unser-unternehmen\/alfasigma-auf-einen-blick\/\">\n\t\t\t\t\t<div class=\"elementor-cta__bg-wrapper\">\n\t\t\t\t<div class=\"elementor-cta__bg elementor-bg\" style=\"background-image: url(https:\/\/de.alfasigma.com\/wp-content\/uploads\/2020\/07\/ALANNO_1044_FOTO_NICCOLO_BIDDAU.jpg);\" role=\"img\" aria-label=\"ALANNO_1044_FOTO_NICCOLO_BIDDAU\"><\/div>\n\t\t\t\t<div class=\"elementor-cta__bg-overlay\"><\/div>\n\t\t\t<\/div>\n\t\t\t\t\t\t\t\t<\/a>\n\t\t\t\t\t\t<\/div>\n\t\t\t\t<\/div>\n\t\t\t\t<div class=\"elementor-element elementor-element-8f8dfd2 elementor-widget elementor-widget-heading\" data-id=\"8f8dfd2\" data-element_type=\"widget\" data-e-type=\"widget\" data-widget_type=\"heading.default\">\n\t\t\t\t<div class=\"elementor-widget-container\">\n\t\t\t\t\t<h4 class=\"elementor-heading-title elementor-size-default\"><a href=\"https:\/\/de.alfasigma.com\/unser-unternehmen\/alfasigma-auf-einen-blick\/\">Alfasigma auf einen Blick<\/a><\/h4>\t\t\t\t<\/div>\n\t\t\t\t<\/div>\n\t\t\t\t<div class=\"elementor-element elementor-element-b6b00ac elementor-widget elementor-widget-text-editor\" data-id=\"b6b00ac\" data-element_type=\"widget\" data-e-type=\"widget\" data-widget_type=\"text-editor.default\">\n\t\t\t\t<div class=\"elementor-widget-container\">\n\t\t\t\t\t\t\t\t\t<p>Derzeit besch\u00e4ftigt Alfasigma weltweit 3.000 Mitarbeiter, verf\u00fcgt \u00fcber 18 direkte Niederlassungen und ist \u00fcber ausgesuchte Vertriebsh\u00e4ndler in weiteren 70 L\u00e4ndern vertreten.\u00a0<\/p>\t\t\t\t\t\t\t\t<\/div>\n\t\t\t\t<\/div>\n\t\t\t\t\t<\/div>\n\t\t<\/div>\n\t\t\t\t\t<\/div>\n\t\t<\/section>\n\t\t\t\t<\/div>\n\t\t","protected":false},"excerpt":{"rendered":"<p>Unser Unternehmen \/ Unser Ziel Mit Leidenschaft ans Ziel Unser Ziel ist mehr Gesundheit und eine bessere Lebensqualit\u00e4t f\u00fcr Patient:innen. Das ist unsere Inspiration, und wir setzen alles daran, das Leben von Patient:innen zu verbessern. Alfasigma hat sich zum Ziel gesetzt, bis 2025 zum f\u00fchrenden Spezialunternehmen zu werden, das Patient:innen auf der ganzen Welt in &hellip; <a href=\"https:\/\/de.alfasigma.com\/?page_id=1271\">Continued<\/a><\/p>\n","protected":false},"author":1,"featured_media":1930,"parent":104,"menu_order":0,"comment_status":"closed","ping_status":"closed","template":"views\/template-custom.blade.php","meta":{"_acf_changed":false,"footnotes":""},"class_list":["post-1271","page","type-page","status-publish","has-post-thumbnail","hentry"],"acf":[],"yoast_head":"<!-- This site is optimized with the Yoast SEO plugin v27.3 - https:\/\/yoast.com\/product\/yoast-seo-wordpress\/ -->\n<title>Alfasigma GmbH - Unser Ziel<\/title>\n<meta name=\"description\" content=\"La missione di Alfasigma \u00e8 migliorare la salute e la qualit\u00e0 della vita di pazienti, caregiver e personale sanitario.\" \/>\n<meta name=\"robots\" content=\"index,follow\" \/>\n<link rel=\"canonical\" href=\"https:\/\/de.alfasigma.com\/?page_id=1271\" \/>\n<meta property=\"og:locale\" content=\"de_DE\" \/>\n<meta property=\"og:type\" content=\"article\" \/>\n<meta property=\"og:title\" content=\"Alfasigma GmbH - Unser Ziel\" \/>\n<meta property=\"og:description\" content=\"La missione di Alfasigma \u00e8 migliorare la salute e la qualit\u00e0 della vita di pazienti, caregiver e personale sanitario.\" \/>\n<meta property=\"og:url\" content=\"https:\/\/de.alfasigma.com\/?page_id=1271\" \/>\n<meta property=\"og:site_name\" content=\"Alfasigma GmbH\" \/>\n<meta property=\"article:modified_time\" content=\"2023-11-13T10:04:29+00:00\" \/>\n<meta property=\"og:image\" content=\"https:\/\/de.alfasigma.com\/wp-content\/uploads\/2020\/07\/ALANNO_1001_FOTO_NICCOLO_BIDDAU-dida-ok-1.jpg\" \/>\n\t<meta property=\"og:image:width\" content=\"1920\" \/>\n\t<meta property=\"og:image:height\" content=\"1080\" \/>\n\t<meta property=\"og:image:type\" content=\"image\/jpeg\" \/>\n<meta name=\"twitter:card\" content=\"summary_large_image\" \/>\n<meta name=\"twitter:label1\" content=\"Gesch\u00e4tzte Lesezeit\" \/>\n\t<meta name=\"twitter:data1\" content=\"2\u00a0Minuten\" \/>\n<script type=\"application\/ld+json\" class=\"yoast-schema-graph\">{\"@context\":\"https:\\\/\\\/schema.org\",\"@graph\":[{\"@type\":\"WebPage\",\"@id\":\"https:\\\/\\\/de.alfasigma.com\\\/?page_id=1271\",\"url\":\"https:\\\/\\\/de.alfasigma.com\\\/?page_id=1271\",\"name\":\"Alfasigma GmbH - Unser Ziel\",\"isPartOf\":{\"@id\":\"https:\\\/\\\/de.alfasigma.com\\\/#website\"},\"primaryImageOfPage\":{\"@id\":\"https:\\\/\\\/de.alfasigma.com\\\/?page_id=1271#primaryimage\"},\"image\":{\"@id\":\"https:\\\/\\\/de.alfasigma.com\\\/?page_id=1271#primaryimage\"},\"thumbnailUrl\":\"https:\\\/\\\/de.alfasigma.com\\\/wp-content\\\/uploads\\\/2020\\\/07\\\/ALANNO_1001_FOTO_NICCOLO_BIDDAU-dida-ok-1.jpg\",\"datePublished\":\"2020-06-23T09:41:20+00:00\",\"dateModified\":\"2023-11-13T10:04:29+00:00\",\"description\":\"La missione di Alfasigma \u00e8 migliorare la salute e la qualit\u00e0 della vita di pazienti, caregiver e personale sanitario.\",\"breadcrumb\":{\"@id\":\"https:\\\/\\\/de.alfasigma.com\\\/?page_id=1271#breadcrumb\"},\"inLanguage\":\"de\",\"potentialAction\":[{\"@type\":\"ReadAction\",\"target\":[\"https:\\\/\\\/de.alfasigma.com\\\/?page_id=1271\"]}]},{\"@type\":\"ImageObject\",\"inLanguage\":\"de\",\"@id\":\"https:\\\/\\\/de.alfasigma.com\\\/?page_id=1271#primaryimage\",\"url\":\"https:\\\/\\\/de.alfasigma.com\\\/wp-content\\\/uploads\\\/2020\\\/07\\\/ALANNO_1001_FOTO_NICCOLO_BIDDAU-dida-ok-1.jpg\",\"contentUrl\":\"https:\\\/\\\/de.alfasigma.com\\\/wp-content\\\/uploads\\\/2020\\\/07\\\/ALANNO_1001_FOTO_NICCOLO_BIDDAU-dida-ok-1.jpg\",\"width\":1920,\"height\":1080},{\"@type\":\"BreadcrumbList\",\"@id\":\"https:\\\/\\\/de.alfasigma.com\\\/?page_id=1271#breadcrumb\",\"itemListElement\":[{\"@type\":\"ListItem\",\"position\":1,\"name\":\"Home\",\"item\":\"https:\\\/\\\/de.alfasigma.com\\\/\"},{\"@type\":\"ListItem\",\"position\":2,\"name\":\"Unser Unternehmen\",\"item\":\"https:\\\/\\\/de.alfasigma.com\\\/?page_id=104\"},{\"@type\":\"ListItem\",\"position\":3,\"name\":\"Unser Ziel\"}]},{\"@type\":\"WebSite\",\"@id\":\"https:\\\/\\\/de.alfasigma.com\\\/#website\",\"url\":\"https:\\\/\\\/de.alfasigma.com\\\/\",\"name\":\"Alfasigma GmbH\",\"description\":\"Pharmaceuticals with passion\",\"potentialAction\":[{\"@type\":\"SearchAction\",\"target\":{\"@type\":\"EntryPoint\",\"urlTemplate\":\"https:\\\/\\\/de.alfasigma.com\\\/?s={search_term_string}\"},\"query-input\":{\"@type\":\"PropertyValueSpecification\",\"valueRequired\":true,\"valueName\":\"search_term_string\"}}],\"inLanguage\":\"de\"}]}<\/script>\n<!-- \/ Yoast SEO plugin. -->","yoast_head_json":{"title":"Alfasigma GmbH - Unser Ziel","description":"La missione di Alfasigma \u00e8 migliorare la salute e la qualit\u00e0 della vita di pazienti, caregiver e personale sanitario.","robots":{"index,follow":"index,follow"},"canonical":"https:\/\/de.alfasigma.com\/?page_id=1271","og_locale":"de_DE","og_type":"article","og_title":"Alfasigma GmbH - Unser Ziel","og_description":"La missione di Alfasigma \u00e8 migliorare la salute e la qualit\u00e0 della vita di pazienti, caregiver e personale sanitario.","og_url":"https:\/\/de.alfasigma.com\/?page_id=1271","og_site_name":"Alfasigma GmbH","article_modified_time":"2023-11-13T10:04:29+00:00","og_image":[{"width":1920,"height":1080,"url":"https:\/\/de.alfasigma.com\/wp-content\/uploads\/2020\/07\/ALANNO_1001_FOTO_NICCOLO_BIDDAU-dida-ok-1.jpg","type":"image\/jpeg"}],"twitter_card":"summary_large_image","twitter_misc":{"Gesch\u00e4tzte Lesezeit":"2\u00a0Minuten"},"schema":{"@context":"https:\/\/schema.org","@graph":[{"@type":"WebPage","@id":"https:\/\/de.alfasigma.com\/?page_id=1271","url":"https:\/\/de.alfasigma.com\/?page_id=1271","name":"Alfasigma GmbH - Unser Ziel","isPartOf":{"@id":"https:\/\/de.alfasigma.com\/#website"},"primaryImageOfPage":{"@id":"https:\/\/de.alfasigma.com\/?page_id=1271#primaryimage"},"image":{"@id":"https:\/\/de.alfasigma.com\/?page_id=1271#primaryimage"},"thumbnailUrl":"https:\/\/de.alfasigma.com\/wp-content\/uploads\/2020\/07\/ALANNO_1001_FOTO_NICCOLO_BIDDAU-dida-ok-1.jpg","datePublished":"2020-06-23T09:41:20+00:00","dateModified":"2023-11-13T10:04:29+00:00","description":"La missione di Alfasigma \u00e8 migliorare la salute e la qualit\u00e0 della vita di pazienti, caregiver e personale sanitario.","breadcrumb":{"@id":"https:\/\/de.alfasigma.com\/?page_id=1271#breadcrumb"},"inLanguage":"de","potentialAction":[{"@type":"ReadAction","target":["https:\/\/de.alfasigma.com\/?page_id=1271"]}]},{"@type":"ImageObject","inLanguage":"de","@id":"https:\/\/de.alfasigma.com\/?page_id=1271#primaryimage","url":"https:\/\/de.alfasigma.com\/wp-content\/uploads\/2020\/07\/ALANNO_1001_FOTO_NICCOLO_BIDDAU-dida-ok-1.jpg","contentUrl":"https:\/\/de.alfasigma.com\/wp-content\/uploads\/2020\/07\/ALANNO_1001_FOTO_NICCOLO_BIDDAU-dida-ok-1.jpg","width":1920,"height":1080},{"@type":"BreadcrumbList","@id":"https:\/\/de.alfasigma.com\/?page_id=1271#breadcrumb","itemListElement":[{"@type":"ListItem","position":1,"name":"Home","item":"https:\/\/de.alfasigma.com\/"},{"@type":"ListItem","position":2,"name":"Unser Unternehmen","item":"https:\/\/de.alfasigma.com\/?page_id=104"},{"@type":"ListItem","position":3,"name":"Unser Ziel"}]},{"@type":"WebSite","@id":"https:\/\/de.alfasigma.com\/#website","url":"https:\/\/de.alfasigma.com\/","name":"Alfasigma GmbH","description":"Pharmaceuticals with passion","potentialAction":[{"@type":"SearchAction","target":{"@type":"EntryPoint","urlTemplate":"https:\/\/de.alfasigma.com\/?s={search_term_string}"},"query-input":{"@type":"PropertyValueSpecification","valueRequired":true,"valueName":"search_term_string"}}],"inLanguage":"de"}]}},"_links":{"self":[{"href":"https:\/\/de.alfasigma.com\/index.php?rest_route=\/wp\/v2\/pages\/1271","targetHints":{"allow":["GET"]}}],"collection":[{"href":"https:\/\/de.alfasigma.com\/index.php?rest_route=\/wp\/v2\/pages"}],"about":[{"href":"https:\/\/de.alfasigma.com\/index.php?rest_route=\/wp\/v2\/types\/page"}],"author":[{"embeddable":true,"href":"https:\/\/de.alfasigma.com\/index.php?rest_route=\/wp\/v2\/users\/1"}],"replies":[{"embeddable":true,"href":"https:\/\/de.alfasigma.com\/index.php?rest_route=%2Fwp%2Fv2%2Fcomments&post=1271"}],"version-history":[{"count":0,"href":"https:\/\/de.alfasigma.com\/index.php?rest_route=\/wp\/v2\/pages\/1271\/revisions"}],"up":[{"embeddable":true,"href":"https:\/\/de.alfasigma.com\/index.php?rest_route=\/wp\/v2\/pages\/104"}],"wp:featuredmedia":[{"embeddable":true,"href":"https:\/\/de.alfasigma.com\/index.php?rest_route=\/wp\/v2\/media\/1930"}],"wp:attachment":[{"href":"https:\/\/de.alfasigma.com\/index.php?rest_route=%2Fwp%2Fv2%2Fmedia&parent=1271"}],"curies":[{"name":"wp","href":"https:\/\/api.w.org\/{rel}","templated":true}]}}