{"id":1275,"date":"2020-06-23T09:49:24","date_gmt":"2020-06-23T09:49:24","guid":{"rendered":"https:\/\/de.alfasigma.com\/?page_id=1275"},"modified":"2023-09-22T10:17:32","modified_gmt":"2023-09-22T10:17:32","slug":"kulturelle-werte","status":"publish","type":"page","link":"https:\/\/de.alfasigma.com\/?page_id=1275","title":{"rendered":"Kulturelle Werte"},"content":{"rendered":"\t\t<div data-elementor-type=\"wp-page\" data-elementor-id=\"1275\" class=\"elementor elementor-1275\" data-elementor-post-type=\"page\">\n\t\t\t\t\t\t<section data-particle_enable=\"false\" data-particle-mobile-disabled=\"false\" class=\"elementor-section elementor-top-section elementor-element elementor-element-f2a4cc0 elementor-section-stretched elementor-section-height-min-height elementor-section-items-top elementor-section-boxed elementor-section-height-default\" data-id=\"f2a4cc0\" data-element_type=\"section\" data-e-type=\"section\" data-settings=\"{&quot;stretch_section&quot;:&quot;section-stretched&quot;,&quot;background_background&quot;:&quot;classic&quot;}\">\n\t\t\t\t\t\t\t<div class=\"elementor-background-overlay\"><\/div>\n\t\t\t\t\t\t\t<div class=\"elementor-container elementor-column-gap-default\">\n\t\t\t\t\t<div class=\"elementor-column elementor-col-100 elementor-top-column elementor-element elementor-element-9bf0525\" data-id=\"9bf0525\" data-element_type=\"column\" data-e-type=\"column\">\n\t\t\t<div class=\"elementor-widget-wrap elementor-element-populated\">\n\t\t\t\t\t\t<div class=\"elementor-element elementor-element-11d1e2d text-white font-weight-normal elementor-invisible elementor-widget elementor-widget-heading\" data-id=\"11d1e2d\" data-element_type=\"widget\" data-e-type=\"widget\" data-settings=\"{&quot;_animation&quot;:&quot;slideInLeft&quot;}\" data-widget_type=\"heading.default\">\n\t\t\t\t<div class=\"elementor-widget-container\">\n\t\t\t\t\t<p class=\"elementor-heading-title elementor-size-default\">Unser Unternehmen \/ Kulturelle Werte\n\n<\/p>\t\t\t\t<\/div>\n\t\t\t\t<\/div>\n\t\t\t\t<div class=\"elementor-element elementor-element-0e2b855 text-white elementor-invisible elementor-widget elementor-widget-heading\" data-id=\"0e2b855\" data-element_type=\"widget\" data-e-type=\"widget\" data-settings=\"{&quot;_animation&quot;:&quot;slideInLeft&quot;}\" data-widget_type=\"heading.default\">\n\t\t\t\t<div class=\"elementor-widget-container\">\n\t\t\t\t\t<h1 class=\"elementor-heading-title elementor-size-default\">Integrit\u00e4t, Ausdauer und Leidenschaft<\/h1>\t\t\t\t<\/div>\n\t\t\t\t<\/div>\n\t\t\t\t\t<\/div>\n\t\t<\/div>\n\t\t\t\t\t<\/div>\n\t\t<\/section>\n\t\t\t\t<section data-particle_enable=\"false\" data-particle-mobile-disabled=\"false\" class=\"elementor-section elementor-top-section elementor-element elementor-element-ed5fb1f elementor-section-boxed elementor-section-height-default elementor-section-height-default\" data-id=\"ed5fb1f\" data-element_type=\"section\" data-e-type=\"section\">\n\t\t\t\t\t\t<div class=\"elementor-container elementor-column-gap-default\">\n\t\t\t\t\t<div class=\"elementor-column elementor-col-100 elementor-top-column elementor-element elementor-element-34e7c43 elementor-invisible\" data-id=\"34e7c43\" data-element_type=\"column\" data-e-type=\"column\" data-settings=\"{&quot;animation&quot;:&quot;fadeIn&quot;}\">\n\t\t\t<div class=\"elementor-widget-wrap elementor-element-populated\">\n\t\t\t\t\t\t<div class=\"elementor-element elementor-element-94c11e0 elementor-widget elementor-widget-text-editor\" data-id=\"94c11e0\" data-element_type=\"widget\" data-e-type=\"widget\" data-widget_type=\"text-editor.default\">\n\t\t\t\t<div class=\"elementor-widget-container\">\n\t\t\t\t\t\t\t\t\t<p>Unsere Kultur basiert auf drei Grundwerten: Integrit\u00e4t, Ausdauer und Leidenschaft.<\/p><p><strong>Integrit\u00e4t<\/strong>\u00a0bedeutet, dass wir von unseren Mitarbeiter:innen, F\u00fchrungskr\u00e4ften und Kooperationspartner:innen erwarten, transparent, respektvoll und ehrlich zu handeln und Verantwortung zu \u00fcbernehmen. Wir sind stolz auf unseren Ruf und machen keine Kompromisse, um unsere Glaubw\u00fcrdigkeit zu bewahren.<\/p><p><b>Ausdauer<\/b>\u00a0hei\u00dft, Projekte und T\u00e4tigkeiten zielstrebig und unbeirrbar umzusetzen. Unsere Geschichte ist voller Beispiele von Menschen, die beharrlich an ihren Zielen festgehalten haben. Und auch unsere Produkte sind langlebig, nachhaltig und konsistent.<\/p><p><strong>\u201ePharmaceuticals with Passion\u201c<\/strong>\u00a0ist unser Leitmotiv. Wir sind der festen \u00dcberzeugung, dass Menschen immer dann, wenn sie mit Leidenschaft und \u00dcberzeugung arbeiten, auch die besten Ergebnisse und die h\u00f6chste Zufriedenheit erreichen. Das ist die Basis unserer Arbeit: Leidenschaft f\u00fcr unsere Produkte und deren Bedeutung f\u00fcr die Patient:innen.<\/p><p>Wir stellen unseren Mitarbeiter:innen eine Reihe von Orientierungshilfen zur Verf\u00fcgung, die einen Kompass f\u00fcr Entscheidungen und eine Erleichterung im Arbeitsalltag sein k\u00f6nnen.<\/p><p>Wenn es uns gelingt, unser\u00a0<a href=\"https:\/\/de.alfasigma.com\/unser-unternehmen\/leadership-modell\/\"><strong>Leadership Model<\/strong><\/a> konsequent und proaktiv umzusetzen, hilft es uns allen, unsere F\u00e4higkeiten zu verfeinern, Talente zu f\u00f6rdern und unseren individuellen Beitrag zum Erfolg weiterhin zu verbessern.<\/p>\t\t\t\t\t\t\t\t<\/div>\n\t\t\t\t<\/div>\n\t\t\t\t\t<\/div>\n\t\t<\/div>\n\t\t\t\t\t<\/div>\n\t\t<\/section>\n\t\t\t\t<section data-particle_enable=\"false\" data-particle-mobile-disabled=\"false\" class=\"elementor-section elementor-top-section elementor-element elementor-element-d6dba9c bg-primary elementor-section-boxed elementor-section-height-default elementor-section-height-default\" data-id=\"d6dba9c\" data-element_type=\"section\" data-e-type=\"section\">\n\t\t\t\t\t\t<div class=\"elementor-container elementor-column-gap-extended\">\n\t\t\t\t\t<div class=\"elementor-column elementor-col-100 elementor-top-column elementor-element elementor-element-04d3c9e elementor-invisible\" data-id=\"04d3c9e\" data-element_type=\"column\" data-e-type=\"column\" data-settings=\"{&quot;animation&quot;:&quot;fadeIn&quot;}\">\n\t\t\t<div class=\"elementor-widget-wrap elementor-element-populated\">\n\t\t\t\t\t\t<div class=\"elementor-element elementor-element-46fd1d2 elementor-widget elementor-widget-heading\" data-id=\"46fd1d2\" data-element_type=\"widget\" data-e-type=\"widget\" data-widget_type=\"heading.default\">\n\t\t\t\t<div class=\"elementor-widget-container\">\n\t\t\t\t\t<h3 class=\"elementor-heading-title elementor-size-default\">Finde mehr heraus\n<\/h3>\t\t\t\t<\/div>\n\t\t\t\t<\/div>\n\t\t\t\t\t<\/div>\n\t\t<\/div>\n\t\t\t\t\t<\/div>\n\t\t<\/section>\n\t\t\t\t<section data-particle_enable=\"false\" data-particle-mobile-disabled=\"false\" class=\"elementor-section elementor-top-section elementor-element elementor-element-449c6bc bg-primary elementor-section-boxed elementor-section-height-default elementor-section-height-default\" data-id=\"449c6bc\" data-element_type=\"section\" data-e-type=\"section\" data-settings=\"{&quot;animation&quot;:&quot;none&quot;}\">\n\t\t\t\t\t\t<div class=\"elementor-container elementor-column-gap-extended\">\n\t\t\t\t\t<div class=\"elementor-column elementor-col-33 elementor-top-column elementor-element elementor-element-42f48e3 elementor-invisible\" data-id=\"42f48e3\" data-element_type=\"column\" data-e-type=\"column\" data-settings=\"{&quot;animation&quot;:&quot;zoomIn&quot;}\">\n\t\t\t<div class=\"elementor-widget-wrap elementor-element-populated\">\n\t\t\t\t\t\t<div class=\"elementor-element elementor-element-0537f18 elementor-cta--skin-classic elementor-animated-content elementor-bg-transform elementor-bg-transform-zoom-in elementor-widget elementor-widget-call-to-action\" data-id=\"0537f18\" data-element_type=\"widget\" data-e-type=\"widget\" data-widget_type=\"call-to-action.default\">\n\t\t\t\t<div class=\"elementor-widget-container\">\n\t\t\t\t\t\t\t<a class=\"elementor-cta\" href=\"https:\/\/de.alfasigma.com\/unser-unternehmen\/leadership-modell\/\">\n\t\t\t\t\t<div class=\"elementor-cta__bg-wrapper\">\n\t\t\t\t<div class=\"elementor-cta__bg elementor-bg\" style=\"background-image: url(https:\/\/de.alfasigma.com\/wp-content\/uploads\/2020\/06\/02B-cover_Leadership-model_1920x1080-scaled.jpg);\" role=\"img\" aria-label=\"02B-cover_Leadership-model_1920x1080\"><\/div>\n\t\t\t\t<div class=\"elementor-cta__bg-overlay\"><\/div>\n\t\t\t<\/div>\n\t\t\t\t\t\t\t\t<\/a>\n\t\t\t\t\t\t<\/div>\n\t\t\t\t<\/div>\n\t\t\t\t<div class=\"elementor-element elementor-element-eafa815 elementor-widget elementor-widget-heading\" data-id=\"eafa815\" data-element_type=\"widget\" data-e-type=\"widget\" data-widget_type=\"heading.default\">\n\t\t\t\t<div class=\"elementor-widget-container\">\n\t\t\t\t\t<h4 class=\"elementor-heading-title elementor-size-default\"><a href=\"https:\/\/de.alfasigma.com\/unser-unternehmen\/leadership-modell\/\">Leadership-Modell<\/a><\/h4>\t\t\t\t<\/div>\n\t\t\t\t<\/div>\n\t\t\t\t<div class=\"elementor-element elementor-element-c18f1e5 elementor-widget elementor-widget-text-editor\" data-id=\"c18f1e5\" data-element_type=\"widget\" data-e-type=\"widget\" data-widget_type=\"text-editor.default\">\n\t\t\t\t<div class=\"elementor-widget-container\">\n\t\t\t\t\t\t\t\t\t<p>Im Jahr 2019 hat Alfasigma ein neues Leadership Model eingef\u00fchrt, das f\u00fcnf Verhaltensweisen f\u00fcr die t\u00e4gliche Praxis beschreibt.\u00a0<\/p>\t\t\t\t\t\t\t\t<\/div>\n\t\t\t\t<\/div>\n\t\t\t\t\t<\/div>\n\t\t<\/div>\n\t\t\t\t<div class=\"elementor-column elementor-col-33 elementor-top-column elementor-element elementor-element-8bc1932 elementor-invisible\" data-id=\"8bc1932\" data-element_type=\"column\" data-e-type=\"column\" data-settings=\"{&quot;animation&quot;:&quot;fadeIn&quot;}\">\n\t\t\t<div class=\"elementor-widget-wrap elementor-element-populated\">\n\t\t\t\t\t\t<div class=\"elementor-element elementor-element-a7f1e35 elementor-cta--skin-classic elementor-animated-content elementor-bg-transform elementor-bg-transform-zoom-in elementor-widget elementor-widget-call-to-action\" data-id=\"a7f1e35\" data-element_type=\"widget\" data-e-type=\"widget\" data-widget_type=\"call-to-action.default\">\n\t\t\t\t<div class=\"elementor-widget-container\">\n\t\t\t\t\t\t\t<a class=\"elementor-cta\" href=\"https:\/\/de.alfasigma.com\/unser-unternehmen\/unser-ziel\/\">\n\t\t\t\t\t<div class=\"elementor-cta__bg-wrapper\">\n\t\t\t\t<div class=\"elementor-cta__bg elementor-bg\" style=\"background-image: url(https:\/\/de.alfasigma.com\/wp-content\/uploads\/2020\/07\/ALANNO_1001_FOTO_NICCOLO_BIDDAU-nodida.jpg);\" role=\"img\" aria-label=\"ALANNO_1001_FOTO_NICCOLO_BIDDAU-nodida\"><\/div>\n\t\t\t\t<div class=\"elementor-cta__bg-overlay\"><\/div>\n\t\t\t<\/div>\n\t\t\t\t\t\t\t\t<\/a>\n\t\t\t\t\t\t<\/div>\n\t\t\t\t<\/div>\n\t\t\t\t<div class=\"elementor-element elementor-element-1d37e06 elementor-widget elementor-widget-heading\" data-id=\"1d37e06\" data-element_type=\"widget\" data-e-type=\"widget\" data-widget_type=\"heading.default\">\n\t\t\t\t<div class=\"elementor-widget-container\">\n\t\t\t\t\t<h4 class=\"elementor-heading-title elementor-size-default\"><a href=\"https:\/\/de.alfasigma.com\/unser-unternehmen\/unser-ziel\/\">Unser Ziel<\/a><\/h4>\t\t\t\t<\/div>\n\t\t\t\t<\/div>\n\t\t\t\t<div class=\"elementor-element elementor-element-d17672d elementor-widget elementor-widget-text-editor\" data-id=\"d17672d\" data-element_type=\"widget\" data-e-type=\"widget\" data-widget_type=\"text-editor.default\">\n\t\t\t\t<div class=\"elementor-widget-container\">\n\t\t\t\t\t\t\t\t\t<p>Unser h\u00f6chstes Ziel ist mehr Gesundheit und eine bessere Lebensqualit\u00e4t f\u00fcr Patient:innen, Pflegepersonal und Gesundheitsdienstleister.\u00a0<\/p>\t\t\t\t\t\t\t\t<\/div>\n\t\t\t\t<\/div>\n\t\t\t\t\t<\/div>\n\t\t<\/div>\n\t\t\t\t<div class=\"elementor-column elementor-col-33 elementor-top-column elementor-element elementor-element-2c998e0 elementor-invisible\" data-id=\"2c998e0\" data-element_type=\"column\" data-e-type=\"column\" data-settings=\"{&quot;animation&quot;:&quot;zoomIn&quot;}\">\n\t\t\t<div class=\"elementor-widget-wrap elementor-element-populated\">\n\t\t\t\t\t\t<div class=\"elementor-element elementor-element-eaf5be0 elementor-cta--skin-classic elementor-animated-content elementor-bg-transform elementor-bg-transform-zoom-in elementor-widget elementor-widget-call-to-action\" data-id=\"eaf5be0\" data-element_type=\"widget\" data-e-type=\"widget\" data-widget_type=\"call-to-action.default\">\n\t\t\t\t<div class=\"elementor-widget-container\">\n\t\t\t\t\t\t\t<a class=\"elementor-cta\" href=\"https:\/\/de.alfasigma.com\/unser-unternehmen\/alfasigma-auf-einen-blick\/\">\n\t\t\t\t\t<div class=\"elementor-cta__bg-wrapper\">\n\t\t\t\t<div class=\"elementor-cta__bg elementor-bg\" style=\"background-image: url(https:\/\/de.alfasigma.com\/wp-content\/uploads\/2020\/07\/ALANNO_1044_FOTO_NICCOLO_BIDDAU.jpg);\" role=\"img\" aria-label=\"ALANNO_1044_FOTO_NICCOLO_BIDDAU\"><\/div>\n\t\t\t\t<div class=\"elementor-cta__bg-overlay\"><\/div>\n\t\t\t<\/div>\n\t\t\t\t\t\t\t\t<\/a>\n\t\t\t\t\t\t<\/div>\n\t\t\t\t<\/div>\n\t\t\t\t<div class=\"elementor-element elementor-element-1e3c7bb elementor-widget elementor-widget-heading\" data-id=\"1e3c7bb\" data-element_type=\"widget\" data-e-type=\"widget\" data-widget_type=\"heading.default\">\n\t\t\t\t<div class=\"elementor-widget-container\">\n\t\t\t\t\t<h4 class=\"elementor-heading-title elementor-size-default\"><a href=\"https:\/\/de.alfasigma.com\/unser-unternehmen\/alfasigma-auf-einen-blick\/\">Alfasigma auf einen Blick<\/a><\/h4>\t\t\t\t<\/div>\n\t\t\t\t<\/div>\n\t\t\t\t<div class=\"elementor-element elementor-element-176877c elementor-widget elementor-widget-text-editor\" data-id=\"176877c\" data-element_type=\"widget\" data-e-type=\"widget\" data-widget_type=\"text-editor.default\">\n\t\t\t\t<div class=\"elementor-widget-container\">\n\t\t\t\t\t\t\t\t\t<p>Derzeit besch\u00e4ftigt Alfasigma weltweit 3.000 Mitarbeiter, verf\u00fcgt \u00fcber 18 direkte Niederlassungen und ist \u00fcber ausgesuchte Vertriebsh\u00e4ndler in weiteren 70 L\u00e4ndern vertreten.\u00a0<\/p>\t\t\t\t\t\t\t\t<\/div>\n\t\t\t\t<\/div>\n\t\t\t\t\t<\/div>\n\t\t<\/div>\n\t\t\t\t\t<\/div>\n\t\t<\/section>\n\t\t\t\t<\/div>\n\t\t","protected":false},"excerpt":{"rendered":"<p>Unser Unternehmen \/ Kulturelle Werte Integrit\u00e4t, Ausdauer und Leidenschaft Unsere Kultur basiert auf drei Grundwerten: Integrit\u00e4t, Ausdauer und Leidenschaft. Integrit\u00e4t\u00a0bedeutet, dass wir von unseren Mitarbeiter:innen, F\u00fchrungskr\u00e4ften und Kooperationspartner:innen erwarten, transparent, respektvoll und ehrlich zu handeln und Verantwortung zu \u00fcbernehmen. Wir sind stolz auf unseren Ruf und machen keine Kompromisse, um unsere Glaubw\u00fcrdigkeit zu bewahren. Ausdauer\u00a0hei\u00dft, &hellip; <a href=\"https:\/\/de.alfasigma.com\/?page_id=1275\">Continued<\/a><\/p>\n","protected":false},"author":1,"featured_media":1894,"parent":104,"menu_order":0,"comment_status":"closed","ping_status":"closed","template":"views\/template-custom.blade.php","meta":{"_acf_changed":false,"footnotes":""},"class_list":["post-1275","page","type-page","status-publish","has-post-thumbnail","hentry"],"acf":[],"yoast_head":"<!-- This site is optimized with the Yoast SEO plugin v27.3 - https:\/\/yoast.com\/product\/yoast-seo-wordpress\/ -->\n<title>Alfasigma GmbH - Kulturelle Werte<\/title>\n<meta name=\"description\" content=\"La cultura di Alfasigma \u00e8 incentrata su tre valori: integrit\u00e0, tenacia e passione, che svolgono un ruolo di guida per ogni persona in azienda\" \/>\n<meta name=\"robots\" content=\"index,follow\" \/>\n<link rel=\"canonical\" href=\"https:\/\/de.alfasigma.com\/?page_id=1275\" \/>\n<meta property=\"og:locale\" content=\"de_DE\" \/>\n<meta property=\"og:type\" content=\"article\" \/>\n<meta property=\"og:title\" content=\"Alfasigma GmbH - Kulturelle Werte\" \/>\n<meta property=\"og:description\" content=\"La cultura di Alfasigma \u00e8 incentrata su tre valori: integrit\u00e0, tenacia e passione, che svolgono un ruolo di guida per ogni persona in azienda\" \/>\n<meta property=\"og:url\" content=\"https:\/\/de.alfasigma.com\/?page_id=1275\" \/>\n<meta property=\"og:site_name\" content=\"Alfasigma GmbH\" \/>\n<meta property=\"article:modified_time\" content=\"2023-09-22T10:17:32+00:00\" \/>\n<meta property=\"og:image\" content=\"https:\/\/de.alfasigma.com\/wp-content\/uploads\/2020\/07\/2019-12-19_AlfaSigma_36-dida-1.jpg\" \/>\n\t<meta property=\"og:image:width\" content=\"1920\" \/>\n\t<meta property=\"og:image:height\" content=\"1080\" \/>\n\t<meta property=\"og:image:type\" content=\"image\/jpeg\" \/>\n<meta name=\"twitter:card\" content=\"summary_large_image\" \/>\n<meta name=\"twitter:label1\" content=\"Gesch\u00e4tzte Lesezeit\" \/>\n\t<meta name=\"twitter:data1\" content=\"2\u00a0Minuten\" \/>\n<script type=\"application\/ld+json\" class=\"yoast-schema-graph\">{\"@context\":\"https:\\\/\\\/schema.org\",\"@graph\":[{\"@type\":\"WebPage\",\"@id\":\"https:\\\/\\\/de.alfasigma.com\\\/?page_id=1275\",\"url\":\"https:\\\/\\\/de.alfasigma.com\\\/?page_id=1275\",\"name\":\"Alfasigma GmbH - Kulturelle Werte\",\"isPartOf\":{\"@id\":\"https:\\\/\\\/de.alfasigma.com\\\/#website\"},\"primaryImageOfPage\":{\"@id\":\"https:\\\/\\\/de.alfasigma.com\\\/?page_id=1275#primaryimage\"},\"image\":{\"@id\":\"https:\\\/\\\/de.alfasigma.com\\\/?page_id=1275#primaryimage\"},\"thumbnailUrl\":\"https:\\\/\\\/de.alfasigma.com\\\/wp-content\\\/uploads\\\/2020\\\/07\\\/2019-12-19_AlfaSigma_36-dida-1.jpg\",\"datePublished\":\"2020-06-23T09:49:24+00:00\",\"dateModified\":\"2023-09-22T10:17:32+00:00\",\"description\":\"La cultura di Alfasigma \u00e8 incentrata su tre valori: integrit\u00e0, tenacia e passione, che svolgono un ruolo di guida per ogni persona in azienda\",\"breadcrumb\":{\"@id\":\"https:\\\/\\\/de.alfasigma.com\\\/?page_id=1275#breadcrumb\"},\"inLanguage\":\"de\",\"potentialAction\":[{\"@type\":\"ReadAction\",\"target\":[\"https:\\\/\\\/de.alfasigma.com\\\/?page_id=1275\"]}]},{\"@type\":\"ImageObject\",\"inLanguage\":\"de\",\"@id\":\"https:\\\/\\\/de.alfasigma.com\\\/?page_id=1275#primaryimage\",\"url\":\"https:\\\/\\\/de.alfasigma.com\\\/wp-content\\\/uploads\\\/2020\\\/07\\\/2019-12-19_AlfaSigma_36-dida-1.jpg\",\"contentUrl\":\"https:\\\/\\\/de.alfasigma.com\\\/wp-content\\\/uploads\\\/2020\\\/07\\\/2019-12-19_AlfaSigma_36-dida-1.jpg\",\"width\":1920,\"height\":1080},{\"@type\":\"BreadcrumbList\",\"@id\":\"https:\\\/\\\/de.alfasigma.com\\\/?page_id=1275#breadcrumb\",\"itemListElement\":[{\"@type\":\"ListItem\",\"position\":1,\"name\":\"Home\",\"item\":\"https:\\\/\\\/de.alfasigma.com\\\/\"},{\"@type\":\"ListItem\",\"position\":2,\"name\":\"Unser Unternehmen\",\"item\":\"https:\\\/\\\/de.alfasigma.com\\\/?page_id=104\"},{\"@type\":\"ListItem\",\"position\":3,\"name\":\"Kulturelle Werte\"}]},{\"@type\":\"WebSite\",\"@id\":\"https:\\\/\\\/de.alfasigma.com\\\/#website\",\"url\":\"https:\\\/\\\/de.alfasigma.com\\\/\",\"name\":\"Alfasigma GmbH\",\"description\":\"Pharmaceuticals with passion\",\"potentialAction\":[{\"@type\":\"SearchAction\",\"target\":{\"@type\":\"EntryPoint\",\"urlTemplate\":\"https:\\\/\\\/de.alfasigma.com\\\/?s={search_term_string}\"},\"query-input\":{\"@type\":\"PropertyValueSpecification\",\"valueRequired\":true,\"valueName\":\"search_term_string\"}}],\"inLanguage\":\"de\"}]}<\/script>\n<!-- \/ Yoast SEO plugin. -->","yoast_head_json":{"title":"Alfasigma GmbH - Kulturelle Werte","description":"La cultura di Alfasigma \u00e8 incentrata su tre valori: integrit\u00e0, tenacia e passione, che svolgono un ruolo di guida per ogni persona in azienda","robots":{"index,follow":"index,follow"},"canonical":"https:\/\/de.alfasigma.com\/?page_id=1275","og_locale":"de_DE","og_type":"article","og_title":"Alfasigma GmbH - Kulturelle Werte","og_description":"La cultura di Alfasigma \u00e8 incentrata su tre valori: integrit\u00e0, tenacia e passione, che svolgono un ruolo di guida per ogni persona in azienda","og_url":"https:\/\/de.alfasigma.com\/?page_id=1275","og_site_name":"Alfasigma GmbH","article_modified_time":"2023-09-22T10:17:32+00:00","og_image":[{"width":1920,"height":1080,"url":"https:\/\/de.alfasigma.com\/wp-content\/uploads\/2020\/07\/2019-12-19_AlfaSigma_36-dida-1.jpg","type":"image\/jpeg"}],"twitter_card":"summary_large_image","twitter_misc":{"Gesch\u00e4tzte Lesezeit":"2\u00a0Minuten"},"schema":{"@context":"https:\/\/schema.org","@graph":[{"@type":"WebPage","@id":"https:\/\/de.alfasigma.com\/?page_id=1275","url":"https:\/\/de.alfasigma.com\/?page_id=1275","name":"Alfasigma GmbH - Kulturelle Werte","isPartOf":{"@id":"https:\/\/de.alfasigma.com\/#website"},"primaryImageOfPage":{"@id":"https:\/\/de.alfasigma.com\/?page_id=1275#primaryimage"},"image":{"@id":"https:\/\/de.alfasigma.com\/?page_id=1275#primaryimage"},"thumbnailUrl":"https:\/\/de.alfasigma.com\/wp-content\/uploads\/2020\/07\/2019-12-19_AlfaSigma_36-dida-1.jpg","datePublished":"2020-06-23T09:49:24+00:00","dateModified":"2023-09-22T10:17:32+00:00","description":"La cultura di Alfasigma \u00e8 incentrata su tre valori: integrit\u00e0, tenacia e passione, che svolgono un ruolo di guida per ogni persona in azienda","breadcrumb":{"@id":"https:\/\/de.alfasigma.com\/?page_id=1275#breadcrumb"},"inLanguage":"de","potentialAction":[{"@type":"ReadAction","target":["https:\/\/de.alfasigma.com\/?page_id=1275"]}]},{"@type":"ImageObject","inLanguage":"de","@id":"https:\/\/de.alfasigma.com\/?page_id=1275#primaryimage","url":"https:\/\/de.alfasigma.com\/wp-content\/uploads\/2020\/07\/2019-12-19_AlfaSigma_36-dida-1.jpg","contentUrl":"https:\/\/de.alfasigma.com\/wp-content\/uploads\/2020\/07\/2019-12-19_AlfaSigma_36-dida-1.jpg","width":1920,"height":1080},{"@type":"BreadcrumbList","@id":"https:\/\/de.alfasigma.com\/?page_id=1275#breadcrumb","itemListElement":[{"@type":"ListItem","position":1,"name":"Home","item":"https:\/\/de.alfasigma.com\/"},{"@type":"ListItem","position":2,"name":"Unser Unternehmen","item":"https:\/\/de.alfasigma.com\/?page_id=104"},{"@type":"ListItem","position":3,"name":"Kulturelle Werte"}]},{"@type":"WebSite","@id":"https:\/\/de.alfasigma.com\/#website","url":"https:\/\/de.alfasigma.com\/","name":"Alfasigma GmbH","description":"Pharmaceuticals with passion","potentialAction":[{"@type":"SearchAction","target":{"@type":"EntryPoint","urlTemplate":"https:\/\/de.alfasigma.com\/?s={search_term_string}"},"query-input":{"@type":"PropertyValueSpecification","valueRequired":true,"valueName":"search_term_string"}}],"inLanguage":"de"}]}},"_links":{"self":[{"href":"https:\/\/de.alfasigma.com\/index.php?rest_route=\/wp\/v2\/pages\/1275","targetHints":{"allow":["GET"]}}],"collection":[{"href":"https:\/\/de.alfasigma.com\/index.php?rest_route=\/wp\/v2\/pages"}],"about":[{"href":"https:\/\/de.alfasigma.com\/index.php?rest_route=\/wp\/v2\/types\/page"}],"author":[{"embeddable":true,"href":"https:\/\/de.alfasigma.com\/index.php?rest_route=\/wp\/v2\/users\/1"}],"replies":[{"embeddable":true,"href":"https:\/\/de.alfasigma.com\/index.php?rest_route=%2Fwp%2Fv2%2Fcomments&post=1275"}],"version-history":[{"count":0,"href":"https:\/\/de.alfasigma.com\/index.php?rest_route=\/wp\/v2\/pages\/1275\/revisions"}],"up":[{"embeddable":true,"href":"https:\/\/de.alfasigma.com\/index.php?rest_route=\/wp\/v2\/pages\/104"}],"wp:featuredmedia":[{"embeddable":true,"href":"https:\/\/de.alfasigma.com\/index.php?rest_route=\/wp\/v2\/media\/1894"}],"wp:attachment":[{"href":"https:\/\/de.alfasigma.com\/index.php?rest_route=%2Fwp%2Fv2%2Fmedia&parent=1275"}],"curies":[{"name":"wp","href":"https:\/\/api.w.org\/{rel}","templated":true}]}}