{"id":314,"date":"2020-04-06T15:43:35","date_gmt":"2020-04-06T15:43:35","guid":{"rendered":"https:\/\/de.alfasigma.com\/?page_id=314"},"modified":"2023-12-21T16:50:58","modified_gmt":"2023-12-21T16:50:58","slug":"medizinische-bereiche","status":"publish","type":"page","link":"https:\/\/de.alfasigma.com\/?page_id=314","title":{"rendered":"Medizinische Bereiche"},"content":{"rendered":"\t\t<div data-elementor-type=\"wp-page\" data-elementor-id=\"314\" class=\"elementor elementor-314\" data-elementor-post-type=\"page\">\n\t\t\t\t\t\t<section data-particle_enable=\"false\" data-particle-mobile-disabled=\"false\" class=\"elementor-section elementor-top-section elementor-element elementor-element-21947d5 elementor-section-stretched elementor-section-height-min-height elementor-section-items-top elementor-section-boxed elementor-section-height-default\" data-id=\"21947d5\" data-element_type=\"section\" data-e-type=\"section\" data-settings=\"{&quot;stretch_section&quot;:&quot;section-stretched&quot;,&quot;background_background&quot;:&quot;classic&quot;}\">\n\t\t\t\t\t\t\t<div class=\"elementor-background-overlay\"><\/div>\n\t\t\t\t\t\t\t<div class=\"elementor-container elementor-column-gap-default\">\n\t\t\t\t\t<div class=\"elementor-column elementor-col-100 elementor-top-column elementor-element elementor-element-66a8a27\" data-id=\"66a8a27\" data-element_type=\"column\" data-e-type=\"column\">\n\t\t\t<div class=\"elementor-widget-wrap elementor-element-populated\">\n\t\t\t\t\t\t<div class=\"elementor-element elementor-element-a95249c text-white font-weight-normal elementor-invisible elementor-widget elementor-widget-heading\" data-id=\"a95249c\" data-element_type=\"widget\" data-e-type=\"widget\" data-settings=\"{&quot;_animation&quot;:&quot;slideInLeft&quot;}\" data-widget_type=\"heading.default\">\n\t\t\t\t<div class=\"elementor-widget-container\">\n\t\t\t\t\t<p class=\"elementor-heading-title elementor-size-default\">Medizinische Bereiche\n\n<\/p>\t\t\t\t<\/div>\n\t\t\t\t<\/div>\n\t\t\t\t<div class=\"elementor-element elementor-element-3456a2e text-white elementor-invisible elementor-widget elementor-widget-heading\" data-id=\"3456a2e\" data-element_type=\"widget\" data-e-type=\"widget\" data-settings=\"{&quot;_animation&quot;:&quot;slideInLeft&quot;}\" data-widget_type=\"heading.default\">\n\t\t\t\t<div class=\"elementor-widget-container\">\n\t\t\t\t\t<h1 class=\"elementor-heading-title elementor-size-default\">Wir adressieren medizinischen Bedarf<\/h1>\t\t\t\t<\/div>\n\t\t\t\t<\/div>\n\t\t\t\t\t<\/div>\n\t\t<\/div>\n\t\t\t\t\t<\/div>\n\t\t<\/section>\n\t\t\t\t<section data-particle_enable=\"false\" data-particle-mobile-disabled=\"false\" class=\"elementor-section elementor-top-section elementor-element elementor-element-ed5fb1f elementor-section-boxed elementor-section-height-default elementor-section-height-default\" data-id=\"ed5fb1f\" data-element_type=\"section\" data-e-type=\"section\">\n\t\t\t\t\t\t<div class=\"elementor-container elementor-column-gap-default\">\n\t\t\t\t\t<div class=\"elementor-column elementor-col-100 elementor-top-column elementor-element elementor-element-34e7c43 elementor-invisible\" data-id=\"34e7c43\" data-element_type=\"column\" data-e-type=\"column\" data-settings=\"{&quot;animation&quot;:&quot;fadeIn&quot;}\">\n\t\t\t<div class=\"elementor-widget-wrap elementor-element-populated\">\n\t\t\t\t\t\t<div class=\"elementor-element elementor-element-94c11e0 elementor-widget elementor-widget-text-editor\" data-id=\"94c11e0\" data-element_type=\"widget\" data-e-type=\"widget\" data-widget_type=\"text-editor.default\">\n\t\t\t\t<div class=\"elementor-widget-container\">\n\t\t\t\t\t\t\t\t\t<p>In Deutschland wird Alfasigma sich zun\u00e4chst auf die Gastroenterologie konzentrieren und hier in zwei besonders anspruchsvollen Bereichen zielgenaue L\u00f6sungen anbieten.<\/p><p><strong>Hepatische Enzephalopathie<\/strong><\/p><p>In Deutschland leben ca. 18 Millionen Menschen mit einer Fettlebererkrankung.1 Es gibt ca. 1 Million Patient:innen mit Leberzirrhose2, davon entwickeln im Laufe ihres Lebens ca. 40 % eine Hepatische Enzephalopathie3. Sie gilt als die Komplikation der Leberzirrhose, die mit der h\u00f6chsten Mortalit\u00e4t verkn\u00fcpft ist \u2013 noch vor Aszites und Varizenblutungen4. Die Lebensqualit\u00e4t der Patient:innen ist stark eingeschr\u00e4nkt, und vermehrte Krankenhauseinweisungen sind notwendig. Aufgrund der oft unspezifischen Symptomatik3 stellt sie \u00c4rzt:innen jedoch vor gro\u00dfe Herausforderungen, zumal die Sch\u00e4den der episodisch verlaufenden Erkrankung kumulativ sind5 \u2013 eine effektive und dauerhafte Therapie sollte weitere Episoden verhindern.6<\/p><p>\u00a0<\/p><p><strong>Darmvorbereitung f\u00fcr die Koloskopie<\/strong><\/p><p>Eine Darmspiegelung kann aus unterschiedlichen Gr\u00fcnden notwendig sein: beispielsweise zur Darmkrebsvorsorge, zur \u00dcberwachung oder zur Abkl\u00e4rung unklarer Symptome oder Blutungen. F\u00fcr die Effektivit\u00e4t der Untersuchung ist eine gute Sichtbarkeit der Darmmukosa notwendig7 \u2013 und damit eine gute Vorbereitung8. Neben Stuhlresten kann auch eine vermehrte Blasenbildung die Visibilit\u00e4t beeintr\u00e4chtigen9. Da die Mitarbeit der Patient:innen hier eine besonders gro\u00dfe Rolle spielt7, sind auch Vertr\u00e4glichkeit, Geschmack und Trinkvolumen von Bedeutung.<\/p><p>\u00a0<\/p><ol><li><h6><em>Jablonowski H. Thieme Praxis Report: Hepatische Enzephalopathie 2014;6(1):1\u201316.<\/em><\/h6><\/li><li><h6><em>Birkenfeld AL et al.; DDG, diabetesDE. Deutscher Gesundheitsbericht Diabetes 2021:265\u2013270.<\/em><\/h6><\/li><li><h6><em>Swaminathan M et al. Hepat Med. 2018;10:1\u201311.<\/em><\/h6><\/li><li><h6><em>Jepsen P et al. Hepatology 2010(51.5):1675-1682.<\/em><\/h6><\/li><li><h6><em>Bajaj JS et al. Gastroenterology. 2010;138(7):2332\u201340.<\/em><\/h6><\/li><li><h6><em>Mullen KD et al. Clin Gastroenterol Hepatol. 2014;12(8):1390\u20137 e2.<\/em><\/h6><\/li><li><h6><em>Rex DK et al. Gastrointest Endosc. 2006;63(4):16\u201328.<\/em><\/h6><\/li><li><h6><em>Hassan C et al. Endoscopy. 2013;45:142\u201350.<\/em><\/h6><\/li><li><h6><em>Yoo IK et al. Medicine (Baltimore). 2016;95(28):e4163.\u00a0<\/em><\/h6><\/li><\/ol>\t\t\t\t\t\t\t\t<\/div>\n\t\t\t\t<\/div>\n\t\t\t\t\t<\/div>\n\t\t<\/div>\n\t\t\t\t\t<\/div>\n\t\t<\/section>\n\t\t\t\t<section data-particle_enable=\"false\" data-particle-mobile-disabled=\"false\" class=\"elementor-section elementor-top-section elementor-element elementor-element-b75e86b bg-primary elementor-section-boxed elementor-section-height-default elementor-section-height-default\" data-id=\"b75e86b\" data-element_type=\"section\" data-e-type=\"section\">\n\t\t\t\t\t\t<div class=\"elementor-container elementor-column-gap-extended\">\n\t\t\t\t\t<div class=\"elementor-column elementor-col-100 elementor-top-column elementor-element elementor-element-4b5f579 elementor-invisible\" data-id=\"4b5f579\" data-element_type=\"column\" data-e-type=\"column\" data-settings=\"{&quot;animation&quot;:&quot;fadeIn&quot;}\">\n\t\t\t<div class=\"elementor-widget-wrap elementor-element-populated\">\n\t\t\t\t\t\t<div class=\"elementor-element elementor-element-69f4ab2 elementor-widget elementor-widget-heading\" data-id=\"69f4ab2\" data-element_type=\"widget\" data-e-type=\"widget\" data-widget_type=\"heading.default\">\n\t\t\t\t<div class=\"elementor-widget-container\">\n\t\t\t\t\t<h3 class=\"elementor-heading-title elementor-size-default\">Finde mehr heraus\n<\/h3>\t\t\t\t<\/div>\n\t\t\t\t<\/div>\n\t\t\t\t\t<\/div>\n\t\t<\/div>\n\t\t\t\t\t<\/div>\n\t\t<\/section>\n\t\t\t\t<section data-particle_enable=\"false\" data-particle-mobile-disabled=\"false\" class=\"elementor-section elementor-top-section elementor-element elementor-element-8d3c748 bg-primary elementor-section-boxed elementor-section-height-default elementor-section-height-default\" data-id=\"8d3c748\" data-element_type=\"section\" data-e-type=\"section\" data-settings=\"{&quot;animation&quot;:&quot;none&quot;}\">\n\t\t\t\t\t\t<div class=\"elementor-container elementor-column-gap-extended\">\n\t\t\t\t\t<div class=\"elementor-column elementor-col-33 elementor-top-column elementor-element elementor-element-fa92572 elementor-invisible\" data-id=\"fa92572\" data-element_type=\"column\" data-e-type=\"column\" data-settings=\"{&quot;animation&quot;:&quot;fadeIn&quot;}\">\n\t\t\t<div class=\"elementor-widget-wrap elementor-element-populated\">\n\t\t\t\t\t\t<div class=\"elementor-element elementor-element-e2ee953 elementor-cta--skin-classic elementor-animated-content elementor-bg-transform elementor-bg-transform-zoom-in elementor-widget elementor-widget-call-to-action\" data-id=\"e2ee953\" data-element_type=\"widget\" data-e-type=\"widget\" data-widget_type=\"call-to-action.default\">\n\t\t\t\t<div class=\"elementor-widget-container\">\n\t\t\t\t\t\t\t<div class=\"elementor-cta\">\n\t\t\t\t\t<div class=\"elementor-cta__bg-wrapper\">\n\t\t\t\t<div class=\"elementor-cta__bg elementor-bg\" style=\"background-image: url(https:\/\/de.alfasigma.com\/wp-content\/uploads\/2023\/10\/product-list-alfasigma.jpg);\" role=\"img\" aria-label=\"product-list-alfasigma\"><\/div>\n\t\t\t\t<div class=\"elementor-cta__bg-overlay\"><\/div>\n\t\t\t<\/div>\n\t\t\t\t\t\t\t\t<\/div>\n\t\t\t\t\t\t<\/div>\n\t\t\t\t<\/div>\n\t\t\t\t<div class=\"elementor-element elementor-element-df17f45 elementor-widget elementor-widget-heading\" data-id=\"df17f45\" data-element_type=\"widget\" data-e-type=\"widget\" data-widget_type=\"heading.default\">\n\t\t\t\t<div class=\"elementor-widget-container\">\n\t\t\t\t\t<h4 class=\"elementor-heading-title elementor-size-default\">Unsere Produkte\n<\/h4>\t\t\t\t<\/div>\n\t\t\t\t<\/div>\n\t\t\t\t<div class=\"elementor-element elementor-element-99ae7b4 elementor-widget elementor-widget-text-editor\" data-id=\"99ae7b4\" data-element_type=\"widget\" data-e-type=\"widget\" data-widget_type=\"text-editor.default\">\n\t\t\t\t<div class=\"elementor-widget-container\">\n\t\t\t\t\t\t\t\t\t<p>In Deutschland stellen wir mit Clensia<sup>\u00ae<\/sup> eine einzigartige Option zur Darmvorbereitung zur Verf\u00fcgung.\u00a0<\/p>\t\t\t\t\t\t\t\t<\/div>\n\t\t\t\t<\/div>\n\t\t\t\t\t<\/div>\n\t\t<\/div>\n\t\t\t\t<div class=\"elementor-column elementor-col-33 elementor-top-column elementor-element elementor-element-9cffbdb elementor-invisible\" data-id=\"9cffbdb\" data-element_type=\"column\" data-e-type=\"column\" data-settings=\"{&quot;animation&quot;:&quot;zoomIn&quot;}\">\n\t\t\t<div class=\"elementor-widget-wrap elementor-element-populated\">\n\t\t\t\t\t\t<div class=\"elementor-element elementor-element-03ef7a0 elementor-cta--skin-classic elementor-animated-content elementor-bg-transform elementor-bg-transform-zoom-in elementor-widget elementor-widget-call-to-action\" data-id=\"03ef7a0\" data-element_type=\"widget\" data-e-type=\"widget\" data-widget_type=\"call-to-action.default\">\n\t\t\t\t<div class=\"elementor-widget-container\">\n\t\t\t\t\t\t\t<a class=\"elementor-cta\" href=\"https:\/\/de.alfasigma.com\/unser-unternehmen\/auftragsfertigung\/\">\n\t\t\t\t\t<div class=\"elementor-cta__bg-wrapper\">\n\t\t\t\t<div class=\"elementor-cta__bg elementor-bg\" style=\"background-image: url(https:\/\/de.alfasigma.com\/wp-content\/uploads\/2020\/04\/alfasigma-trough-time-2010-2020.jpg);\" role=\"img\" aria-label=\"alfasigma-trough-time-2010-2020\"><\/div>\n\t\t\t\t<div class=\"elementor-cta__bg-overlay\"><\/div>\n\t\t\t<\/div>\n\t\t\t\t\t\t\t\t<\/a>\n\t\t\t\t\t\t<\/div>\n\t\t\t\t<\/div>\n\t\t\t\t<div class=\"elementor-element elementor-element-d9ea448 elementor-widget elementor-widget-heading\" data-id=\"d9ea448\" data-element_type=\"widget\" data-e-type=\"widget\" data-widget_type=\"heading.default\">\n\t\t\t\t<div class=\"elementor-widget-container\">\n\t\t\t\t\t<h4 class=\"elementor-heading-title elementor-size-default\"><a href=\"https:\/\/de.alfasigma.com\/unser-unternehmen\/auftragsfertigung\/\">Auftragsfertigung<\/a><\/h4>\t\t\t\t<\/div>\n\t\t\t\t<\/div>\n\t\t\t\t<div class=\"elementor-element elementor-element-a29ec4f elementor-widget elementor-widget-text-editor\" data-id=\"a29ec4f\" data-element_type=\"widget\" data-e-type=\"widget\" data-widget_type=\"text-editor.default\">\n\t\t\t\t<div class=\"elementor-widget-container\">\n\t\t\t\t\t\t\t\t\t<p>Alfasigma ist ein f\u00fchrendes Unternehmen im Bereich Auftragsfertigung, ein einzigartiger Partner im Outsourcing von T\u00e4tigkeiten zur Herstellung nahezu aller Darreichungsformen.&nbsp;<\/p>\t\t\t\t\t\t\t\t<\/div>\n\t\t\t\t<\/div>\n\t\t\t\t\t<\/div>\n\t\t<\/div>\n\t\t\t\t<div class=\"elementor-column elementor-col-33 elementor-top-column elementor-element elementor-element-f8efc50 elementor-invisible\" data-id=\"f8efc50\" data-element_type=\"column\" data-e-type=\"column\" data-settings=\"{&quot;animation&quot;:&quot;zoomIn&quot;}\">\n\t\t\t<div class=\"elementor-widget-wrap elementor-element-populated\">\n\t\t\t\t\t\t<div class=\"elementor-element elementor-element-b1ee47d elementor-cta--skin-classic elementor-animated-content elementor-bg-transform elementor-bg-transform-zoom-in elementor-widget elementor-widget-call-to-action\" data-id=\"b1ee47d\" data-element_type=\"widget\" data-e-type=\"widget\" data-widget_type=\"call-to-action.default\">\n\t\t\t\t<div class=\"elementor-widget-container\">\n\t\t\t\t\t\t\t<a class=\"elementor-cta\" href=\"https:\/\/de.alfasigma.com\/forschung-und-entwicklung\/\">\n\t\t\t\t\t<div class=\"elementor-cta__bg-wrapper\">\n\t\t\t\t<div class=\"elementor-cta__bg elementor-bg\" style=\"background-image: url(https:\/\/de.alfasigma.com\/wp-content\/uploads\/2020\/11\/CNRP6093.jpg);\" role=\"img\" aria-label=\"R&amp;D Lab, Alfasigma Pomezia plant (Italy)\"><\/div>\n\t\t\t\t<div class=\"elementor-cta__bg-overlay\"><\/div>\n\t\t\t<\/div>\n\t\t\t\t\t\t\t\t<\/a>\n\t\t\t\t\t\t<\/div>\n\t\t\t\t<\/div>\n\t\t\t\t<div class=\"elementor-element elementor-element-797ce26 elementor-widget elementor-widget-heading\" data-id=\"797ce26\" data-element_type=\"widget\" data-e-type=\"widget\" data-widget_type=\"heading.default\">\n\t\t\t\t<div class=\"elementor-widget-container\">\n\t\t\t\t\t<h4 class=\"elementor-heading-title elementor-size-default\"><a href=\"https:\/\/de.alfasigma.com\/forschung-und-entwicklung\/\">Forschung und Entwicklung<\/a><\/h4>\t\t\t\t<\/div>\n\t\t\t\t<\/div>\n\t\t\t\t<div class=\"elementor-element elementor-element-9c760aa elementor-widget elementor-widget-text-editor\" data-id=\"9c760aa\" data-element_type=\"widget\" data-e-type=\"widget\" data-widget_type=\"text-editor.default\">\n\t\t\t\t<div class=\"elementor-widget-container\">\n\t\t\t\t\t\t\t\t\t<p>Unsere Forschungs- und Entwicklungsabteilung konzentriert sich auf drei therapeutische Hauptbereiche: Gastroenterologie, Gef\u00e4\u00dferkrankungen und neurowissenschaftliche Erkrankungen.\u00a0<\/p>\t\t\t\t\t\t\t\t<\/div>\n\t\t\t\t<\/div>\n\t\t\t\t\t<\/div>\n\t\t<\/div>\n\t\t\t\t\t<\/div>\n\t\t<\/section>\n\t\t\t\t<\/div>\n\t\t","protected":false},"excerpt":{"rendered":"<p>Medizinische Bereiche Wir adressieren medizinischen Bedarf In Deutschland wird Alfasigma sich zun\u00e4chst auf die Gastroenterologie konzentrieren und hier in zwei besonders anspruchsvollen Bereichen zielgenaue L\u00f6sungen anbieten. Hepatische Enzephalopathie In Deutschland leben ca. 18 Millionen Menschen mit einer Fettlebererkrankung.1 Es gibt ca. 1 Million Patient:innen mit Leberzirrhose2, davon entwickeln im Laufe ihres Lebens ca. 40 % &hellip; <a href=\"https:\/\/de.alfasigma.com\/?page_id=314\">Continued<\/a><\/p>\n","protected":false},"author":1,"featured_media":2028,"parent":0,"menu_order":0,"comment_status":"closed","ping_status":"closed","template":"views\/template-custom.blade.php","meta":{"_acf_changed":false,"footnotes":""},"class_list":["post-314","page","type-page","status-publish","has-post-thumbnail","hentry"],"acf":[],"yoast_head":"<!-- This site is optimized with the Yoast SEO plugin v27.3 - https:\/\/yoast.com\/product\/yoast-seo-wordpress\/ -->\n<title>Alfasigma GmbH - Medizinische Bereiche<\/title>\n<meta name=\"description\" content=\"Oltre 55 prodotti in 9 aree terapeutiche primary care, dai farmaci etici ai prodotti di automedicazione, alla nutraceutica\" \/>\n<meta name=\"robots\" content=\"index,follow\" \/>\n<link rel=\"canonical\" href=\"https:\/\/de.alfasigma.com\/?page_id=314\" \/>\n<meta property=\"og:locale\" content=\"de_DE\" \/>\n<meta property=\"og:type\" content=\"article\" \/>\n<meta property=\"og:title\" content=\"Alfasigma GmbH - Medizinische Bereiche\" \/>\n<meta property=\"og:description\" content=\"Oltre 55 prodotti in 9 aree terapeutiche primary care, dai farmaci etici ai prodotti di automedicazione, alla nutraceutica\" \/>\n<meta property=\"og:url\" content=\"https:\/\/de.alfasigma.com\/?page_id=314\" \/>\n<meta property=\"og:site_name\" content=\"Alfasigma GmbH\" \/>\n<meta property=\"article:modified_time\" content=\"2023-12-21T16:50:58+00:00\" \/>\n<meta property=\"og:image\" content=\"https:\/\/de.alfasigma.com\/wp-content\/uploads\/2020\/07\/GettyImages-1173734083.jpg\" \/>\n\t<meta property=\"og:image:width\" content=\"1200\" \/>\n\t<meta property=\"og:image:height\" content=\"800\" \/>\n\t<meta property=\"og:image:type\" content=\"image\/jpeg\" \/>\n<meta name=\"twitter:card\" content=\"summary_large_image\" \/>\n<meta name=\"twitter:label1\" content=\"Gesch\u00e4tzte Lesezeit\" \/>\n\t<meta name=\"twitter:data1\" content=\"2\u00a0Minuten\" \/>\n<script type=\"application\/ld+json\" class=\"yoast-schema-graph\">{\"@context\":\"https:\\\/\\\/schema.org\",\"@graph\":[{\"@type\":\"WebPage\",\"@id\":\"https:\\\/\\\/de.alfasigma.com\\\/?page_id=314\",\"url\":\"https:\\\/\\\/de.alfasigma.com\\\/?page_id=314\",\"name\":\"Alfasigma GmbH - Medizinische Bereiche\",\"isPartOf\":{\"@id\":\"https:\\\/\\\/de.alfasigma.com\\\/#website\"},\"primaryImageOfPage\":{\"@id\":\"https:\\\/\\\/de.alfasigma.com\\\/?page_id=314#primaryimage\"},\"image\":{\"@id\":\"https:\\\/\\\/de.alfasigma.com\\\/?page_id=314#primaryimage\"},\"thumbnailUrl\":\"https:\\\/\\\/de.alfasigma.com\\\/wp-content\\\/uploads\\\/2020\\\/07\\\/GettyImages-1173734083.jpg\",\"datePublished\":\"2020-04-06T15:43:35+00:00\",\"dateModified\":\"2023-12-21T16:50:58+00:00\",\"description\":\"Oltre 55 prodotti in 9 aree terapeutiche primary care, dai farmaci etici ai prodotti di automedicazione, alla nutraceutica\",\"breadcrumb\":{\"@id\":\"https:\\\/\\\/de.alfasigma.com\\\/?page_id=314#breadcrumb\"},\"inLanguage\":\"de\",\"potentialAction\":[{\"@type\":\"ReadAction\",\"target\":[\"https:\\\/\\\/de.alfasigma.com\\\/?page_id=314\"]}]},{\"@type\":\"ImageObject\",\"inLanguage\":\"de\",\"@id\":\"https:\\\/\\\/de.alfasigma.com\\\/?page_id=314#primaryimage\",\"url\":\"https:\\\/\\\/de.alfasigma.com\\\/wp-content\\\/uploads\\\/2020\\\/07\\\/GettyImages-1173734083.jpg\",\"contentUrl\":\"https:\\\/\\\/de.alfasigma.com\\\/wp-content\\\/uploads\\\/2020\\\/07\\\/GettyImages-1173734083.jpg\",\"width\":1200,\"height\":800},{\"@type\":\"BreadcrumbList\",\"@id\":\"https:\\\/\\\/de.alfasigma.com\\\/?page_id=314#breadcrumb\",\"itemListElement\":[{\"@type\":\"ListItem\",\"position\":1,\"name\":\"Home\",\"item\":\"https:\\\/\\\/de.alfasigma.com\\\/\"},{\"@type\":\"ListItem\",\"position\":2,\"name\":\"Medizinische Bereiche\"}]},{\"@type\":\"WebSite\",\"@id\":\"https:\\\/\\\/de.alfasigma.com\\\/#website\",\"url\":\"https:\\\/\\\/de.alfasigma.com\\\/\",\"name\":\"Alfasigma GmbH\",\"description\":\"Pharmaceuticals with passion\",\"potentialAction\":[{\"@type\":\"SearchAction\",\"target\":{\"@type\":\"EntryPoint\",\"urlTemplate\":\"https:\\\/\\\/de.alfasigma.com\\\/?s={search_term_string}\"},\"query-input\":{\"@type\":\"PropertyValueSpecification\",\"valueRequired\":true,\"valueName\":\"search_term_string\"}}],\"inLanguage\":\"de\"}]}<\/script>\n<!-- \/ Yoast SEO plugin. -->","yoast_head_json":{"title":"Alfasigma GmbH - Medizinische Bereiche","description":"Oltre 55 prodotti in 9 aree terapeutiche primary care, dai farmaci etici ai prodotti di automedicazione, alla nutraceutica","robots":{"index,follow":"index,follow"},"canonical":"https:\/\/de.alfasigma.com\/?page_id=314","og_locale":"de_DE","og_type":"article","og_title":"Alfasigma GmbH - Medizinische Bereiche","og_description":"Oltre 55 prodotti in 9 aree terapeutiche primary care, dai farmaci etici ai prodotti di automedicazione, alla nutraceutica","og_url":"https:\/\/de.alfasigma.com\/?page_id=314","og_site_name":"Alfasigma GmbH","article_modified_time":"2023-12-21T16:50:58+00:00","og_image":[{"width":1200,"height":800,"url":"https:\/\/de.alfasigma.com\/wp-content\/uploads\/2020\/07\/GettyImages-1173734083.jpg","type":"image\/jpeg"}],"twitter_card":"summary_large_image","twitter_misc":{"Gesch\u00e4tzte Lesezeit":"2\u00a0Minuten"},"schema":{"@context":"https:\/\/schema.org","@graph":[{"@type":"WebPage","@id":"https:\/\/de.alfasigma.com\/?page_id=314","url":"https:\/\/de.alfasigma.com\/?page_id=314","name":"Alfasigma GmbH - Medizinische Bereiche","isPartOf":{"@id":"https:\/\/de.alfasigma.com\/#website"},"primaryImageOfPage":{"@id":"https:\/\/de.alfasigma.com\/?page_id=314#primaryimage"},"image":{"@id":"https:\/\/de.alfasigma.com\/?page_id=314#primaryimage"},"thumbnailUrl":"https:\/\/de.alfasigma.com\/wp-content\/uploads\/2020\/07\/GettyImages-1173734083.jpg","datePublished":"2020-04-06T15:43:35+00:00","dateModified":"2023-12-21T16:50:58+00:00","description":"Oltre 55 prodotti in 9 aree terapeutiche primary care, dai farmaci etici ai prodotti di automedicazione, alla nutraceutica","breadcrumb":{"@id":"https:\/\/de.alfasigma.com\/?page_id=314#breadcrumb"},"inLanguage":"de","potentialAction":[{"@type":"ReadAction","target":["https:\/\/de.alfasigma.com\/?page_id=314"]}]},{"@type":"ImageObject","inLanguage":"de","@id":"https:\/\/de.alfasigma.com\/?page_id=314#primaryimage","url":"https:\/\/de.alfasigma.com\/wp-content\/uploads\/2020\/07\/GettyImages-1173734083.jpg","contentUrl":"https:\/\/de.alfasigma.com\/wp-content\/uploads\/2020\/07\/GettyImages-1173734083.jpg","width":1200,"height":800},{"@type":"BreadcrumbList","@id":"https:\/\/de.alfasigma.com\/?page_id=314#breadcrumb","itemListElement":[{"@type":"ListItem","position":1,"name":"Home","item":"https:\/\/de.alfasigma.com\/"},{"@type":"ListItem","position":2,"name":"Medizinische Bereiche"}]},{"@type":"WebSite","@id":"https:\/\/de.alfasigma.com\/#website","url":"https:\/\/de.alfasigma.com\/","name":"Alfasigma GmbH","description":"Pharmaceuticals with passion","potentialAction":[{"@type":"SearchAction","target":{"@type":"EntryPoint","urlTemplate":"https:\/\/de.alfasigma.com\/?s={search_term_string}"},"query-input":{"@type":"PropertyValueSpecification","valueRequired":true,"valueName":"search_term_string"}}],"inLanguage":"de"}]}},"_links":{"self":[{"href":"https:\/\/de.alfasigma.com\/index.php?rest_route=\/wp\/v2\/pages\/314","targetHints":{"allow":["GET"]}}],"collection":[{"href":"https:\/\/de.alfasigma.com\/index.php?rest_route=\/wp\/v2\/pages"}],"about":[{"href":"https:\/\/de.alfasigma.com\/index.php?rest_route=\/wp\/v2\/types\/page"}],"author":[{"embeddable":true,"href":"https:\/\/de.alfasigma.com\/index.php?rest_route=\/wp\/v2\/users\/1"}],"replies":[{"embeddable":true,"href":"https:\/\/de.alfasigma.com\/index.php?rest_route=%2Fwp%2Fv2%2Fcomments&post=314"}],"version-history":[{"count":0,"href":"https:\/\/de.alfasigma.com\/index.php?rest_route=\/wp\/v2\/pages\/314\/revisions"}],"wp:featuredmedia":[{"embeddable":true,"href":"https:\/\/de.alfasigma.com\/index.php?rest_route=\/wp\/v2\/media\/2028"}],"wp:attachment":[{"href":"https:\/\/de.alfasigma.com\/index.php?rest_route=%2Fwp%2Fv2%2Fmedia&parent=314"}],"curies":[{"name":"wp","href":"https:\/\/api.w.org\/{rel}","templated":true}]}}