{"id":826,"date":"2020-05-13T12:47:15","date_gmt":"2020-05-13T12:47:15","guid":{"rendered":"https:\/\/de.alfasigma.com\/?page_id=826"},"modified":"2023-10-17T14:58:16","modified_gmt":"2023-10-17T14:58:16","slug":"pharmakovigilanz","status":"publish","type":"page","link":"https:\/\/de.alfasigma.com\/?page_id=826","title":{"rendered":"Pharmakovigilanz"},"content":{"rendered":"\t\t<div data-elementor-type=\"wp-page\" data-elementor-id=\"826\" class=\"elementor elementor-826\" data-elementor-post-type=\"page\">\n\t\t\t\t\t\t<section data-particle_enable=\"false\" data-particle-mobile-disabled=\"false\" class=\"elementor-section elementor-top-section elementor-element elementor-element-f2a4cc0 elementor-section-stretched elementor-section-height-min-height elementor-section-items-top elementor-section-boxed elementor-section-height-default\" data-id=\"f2a4cc0\" data-element_type=\"section\" data-e-type=\"section\" data-settings=\"{&quot;stretch_section&quot;:&quot;section-stretched&quot;,&quot;background_background&quot;:&quot;classic&quot;}\">\n\t\t\t\t\t\t\t<div class=\"elementor-background-overlay\"><\/div>\n\t\t\t\t\t\t\t<div class=\"elementor-container elementor-column-gap-default\">\n\t\t\t\t\t<div class=\"elementor-column elementor-col-100 elementor-top-column elementor-element elementor-element-9bf0525\" data-id=\"9bf0525\" data-element_type=\"column\" data-e-type=\"column\">\n\t\t\t<div class=\"elementor-widget-wrap elementor-element-populated\">\n\t\t\t\t\t\t<div class=\"elementor-element elementor-element-6856e4d text-white font-weight-normal elementor-invisible elementor-widget elementor-widget-heading\" data-id=\"6856e4d\" data-element_type=\"widget\" data-e-type=\"widget\" data-settings=\"{&quot;_animation&quot;:&quot;slideInLeft&quot;}\" data-widget_type=\"heading.default\">\n\t\t\t\t<div class=\"elementor-widget-container\">\n\t\t\t\t\t<p class=\"elementor-heading-title elementor-size-default\">Unser Unternehmen \/ Ethik und Transparenz \/ Pharmakovigilanz\n\n<\/p>\t\t\t\t<\/div>\n\t\t\t\t<\/div>\n\t\t\t\t<div class=\"elementor-element elementor-element-0e2b855 text-white elementor-invisible elementor-widget elementor-widget-heading\" data-id=\"0e2b855\" data-element_type=\"widget\" data-e-type=\"widget\" data-settings=\"{&quot;_animation&quot;:&quot;slideInLeft&quot;}\" data-widget_type=\"heading.default\">\n\t\t\t\t<div class=\"elementor-widget-container\">\n\t\t\t\t\t<h1 class=\"elementor-heading-title elementor-size-default\">Nebenwirkungsmeldungen\n<\/h1>\t\t\t\t<\/div>\n\t\t\t\t<\/div>\n\t\t\t\t\t<\/div>\n\t\t<\/div>\n\t\t\t\t\t<\/div>\n\t\t<\/section>\n\t\t\t\t<section data-particle_enable=\"false\" data-particle-mobile-disabled=\"false\" class=\"elementor-section elementor-top-section elementor-element elementor-element-3a5d441 elementor-section-boxed elementor-section-height-default elementor-section-height-default\" data-id=\"3a5d441\" data-element_type=\"section\" data-e-type=\"section\">\n\t\t\t\t\t\t<div class=\"elementor-container elementor-column-gap-default\">\n\t\t\t\t\t<div class=\"elementor-column elementor-col-100 elementor-top-column elementor-element elementor-element-dc87ab9\" data-id=\"dc87ab9\" data-element_type=\"column\" data-e-type=\"column\" data-settings=\"{&quot;animation&quot;:&quot;none&quot;}\">\n\t\t\t<div class=\"elementor-widget-wrap elementor-element-populated\">\n\t\t\t\t\t\t<div class=\"elementor-element elementor-element-b9df9a0 elementor-widget elementor-widget-heading\" data-id=\"b9df9a0\" data-element_type=\"widget\" data-e-type=\"widget\" data-widget_type=\"heading.default\">\n\t\t\t\t<div class=\"elementor-widget-container\">\n\t\t\t\t\t<h5 class=\"elementor-heading-title elementor-size-default\">Wie melde ich eine Nebenwirkung?<\/h5>\t\t\t\t<\/div>\n\t\t\t\t<\/div>\n\t\t\t\t<div class=\"elementor-element elementor-element-8dab12f elementor-widget elementor-widget-text-editor\" data-id=\"8dab12f\" data-element_type=\"widget\" data-e-type=\"widget\" data-widget_type=\"text-editor.default\">\n\t\t\t\t<div class=\"elementor-widget-container\">\n\t\t\t\t\t\t\t\t\t<p>Die von den europ\u00e4ischen und \/ oder deutschen Beh\u00f6rden zugelassenen Arzneimittel sind strengen Pr\u00fcfungen unterworfen, bevor sie Patient:innen verordnet und an sie abgegeben werden.<\/p><p>Dennoch k\u00f6nnen Nebenwirkungen auftreten \u2013 auch solche, die (noch) nicht in der Packungsbeilage aufgef\u00fchrt sind. Bitte informieren Sie Ihren Arzt \/ Ihre \u00c4rztin oder Ihren Apotheker \/ Ihre Apothekerin, falls bei Ihnen Nebenwirkungen auftreten.<\/p><p>Wenn Sie Nebenwirkungen feststellen und diese melden, tragen Sie zur \u00dcberwachung von Arzneimitteln und damit zur Sicherheit f\u00fcr alle Patient:innen bei. Sie k\u00f6nnen dies beim\u00a0<a href=\"https:\/\/nebenwirkungen.bund.de\/nw\/DE\/home\/home_node.html\">Bundesinstitut f\u00fcr Arzneimittel und Medizinprodukte<\/a>\u00a0oder bei den Pharmakovigilanzbeauftragten von Alfasigma tun. In beiden F\u00e4llen bleibt Ihr Datenschutz gew\u00e4hrleistet.<\/p>\t\t\t\t\t\t\t\t<\/div>\n\t\t\t\t<\/div>\n\t\t\t\t\t<\/div>\n\t\t<\/div>\n\t\t\t\t\t<\/div>\n\t\t<\/section>\n\t\t\t\t<section data-particle_enable=\"false\" data-particle-mobile-disabled=\"false\" class=\"elementor-section elementor-top-section elementor-element elementor-element-677adb6 bg-primary elementor-section-boxed elementor-section-height-default elementor-section-height-default\" data-id=\"677adb6\" data-element_type=\"section\" data-e-type=\"section\">\n\t\t\t\t\t\t<div class=\"elementor-container elementor-column-gap-default\">\n\t\t\t\t\t<div class=\"elementor-column elementor-col-100 elementor-top-column elementor-element elementor-element-cb99bd0\" data-id=\"cb99bd0\" data-element_type=\"column\" data-e-type=\"column\">\n\t\t\t<div class=\"elementor-widget-wrap elementor-element-populated\">\n\t\t\t\t\t\t<div class=\"elementor-element elementor-element-3be8e73 elementor-widget elementor-widget-heading\" data-id=\"3be8e73\" data-element_type=\"widget\" data-e-type=\"widget\" data-widget_type=\"heading.default\">\n\t\t\t\t<div class=\"elementor-widget-container\">\n\t\t\t\t\t<h5 class=\"elementor-heading-title elementor-size-default\">Alfasigma Pharmakovigilanzstelle - Kontaktangaben\n<\/h5>\t\t\t\t<\/div>\n\t\t\t\t<\/div>\n\t\t\t\t<section data-particle_enable=\"false\" data-particle-mobile-disabled=\"false\" class=\"elementor-section elementor-inner-section elementor-element elementor-element-72e2180 elementor-section-boxed elementor-section-height-default elementor-section-height-default\" data-id=\"72e2180\" data-element_type=\"section\" data-e-type=\"section\">\n\t\t\t\t\t\t<div class=\"elementor-container elementor-column-gap-default\">\n\t\t\t\t\t<div class=\"elementor-column elementor-col-100 elementor-inner-column elementor-element elementor-element-4a0cefa\" data-id=\"4a0cefa\" data-element_type=\"column\" data-e-type=\"column\">\n\t\t\t<div class=\"elementor-widget-wrap elementor-element-populated\">\n\t\t\t\t\t\t<div class=\"elementor-element elementor-element-da50faa elementor-widget elementor-widget-heading\" data-id=\"da50faa\" data-element_type=\"widget\" data-e-type=\"widget\" data-widget_type=\"heading.default\">\n\t\t\t\t<div class=\"elementor-widget-container\">\n\t\t\t\t\t<p class=\"elementor-heading-title elementor-size-default\">Melden Sie eine Nebenwirkung\n\n<\/p>\t\t\t\t<\/div>\n\t\t\t\t<\/div>\n\t\t\t\t<div class=\"elementor-element elementor-element-805cebe eael-wpforms-form-button-full-width elementor-widget elementor-widget-eael-wpforms\" data-id=\"805cebe\" data-element_type=\"widget\" data-e-type=\"widget\" data-widget_type=\"eael-wpforms.default\">\n\t\t\t\t<div class=\"elementor-widget-container\">\n\t\t\t\t\t            <div class=\"eael-contact-form eael-wpforms eael-wpforms-align-default\">\n                                <div class=\"wpforms-container wpforms-container-full\" id=\"wpforms-5260\"><form id=\"wpforms-form-5260\" class=\"wpforms-validate wpforms-form\" data-formid=\"5260\" method=\"post\" enctype=\"multipart\/form-data\" action=\"\/index.php?rest_route=%2Fwp%2Fv2%2Fpages%2F826\" data-token=\"747508d9dcfaa15a1f9d48385e143e27\" data-token-time=\"1776770869\"><noscript class=\"wpforms-error-noscript\">Bitte aktiviere JavaScript in deinem Browser, um dieses Formular fertigzustellen.<\/noscript><div class=\"wpforms-field-container\"><div id=\"wpforms-5260-field_2-container\" class=\"wpforms-field wpforms-field-name\" data-field-id=\"2\"><label class=\"wpforms-field-label wpforms-label-hide\" for=\"wpforms-5260-field_2\">Vorname und Nachname  <span class=\"wpforms-required-label\">*<\/span><\/label><div class=\"wpforms-field-row wpforms-field-large\"><div class=\"wpforms-field-row-block wpforms-first wpforms-one-half\"><input type=\"text\" id=\"wpforms-5260-field_2\" class=\"wpforms-field-name-first wpforms-field-required\" name=\"wpforms[fields][2][first]\" placeholder=\"Vorname*\" required><label for=\"wpforms-5260-field_2\" class=\"wpforms-field-sublabel after wpforms-sublabel-hide\">Vorname<\/label><\/div><div class=\"wpforms-field-row-block wpforms-one-half\"><input type=\"text\" id=\"wpforms-5260-field_2-last\" class=\"wpforms-field-name-last wpforms-field-required\" name=\"wpforms[fields][2][last]\" placeholder=\"Nachname*\" required><label for=\"wpforms-5260-field_2-last\" class=\"wpforms-field-sublabel after wpforms-sublabel-hide\">Nachname<\/label><\/div><\/div><\/div><div id=\"wpforms-5260-field_6-container\" class=\"wpforms-field wpforms-field-email wpforms-one-half wpforms-first\" data-field-id=\"6\"><label class=\"wpforms-field-label wpforms-label-hide\" for=\"wpforms-5260-field_6\">Email <span class=\"wpforms-required-label\">*<\/span><\/label><input type=\"email\" id=\"wpforms-5260-field_6\" class=\"wpforms-field-medium wpforms-field-required\" name=\"wpforms[fields][6]\" placeholder=\"Email*\" spellcheck=\"false\" required><\/div><div id=\"wpforms-5260-field_7-container\" class=\"wpforms-field wpforms-field-phone wpforms-one-half\" data-field-id=\"7\"><label class=\"wpforms-field-label wpforms-label-hide\" for=\"wpforms-5260-field_7\">Telefonnummer* <span class=\"wpforms-required-label\">*<\/span><\/label><input type=\"tel\" id=\"wpforms-5260-field_7\" class=\"wpforms-field-medium wpforms-field-required wpforms-smart-phone-field\" data-rule-smart-phone-field=\"true\" name=\"wpforms[fields][7]\" placeholder=\"Telefonnummer*\" aria-label=\"Telefonnummer*\" required><\/div><div id=\"wpforms-5260-field_31-container\" class=\"wpforms-field wpforms-field-select wpforms-conditional-trigger wpforms-field-select-style-classic\" data-field-id=\"31\"><label class=\"wpforms-field-label wpforms-label-hide\" for=\"wpforms-5260-field_31\">Kein Thema ausgew\u00e4hlt<\/label><select id=\"wpforms-5260-field_31\" class=\"wpforms-field-medium\" name=\"wpforms[fields][31]\"><option value=\"\" class=\"placeholder\" disabled  selected='selected'>Kein Thema ausgew\u00e4hlt<\/option><option value=\"Anfrage Servicekontakt\" >Anfrage Servicekontakt<\/option><option value=\"Bestellung aufgeben\" >Bestellung aufgeben<\/option><option value=\"Auskunft zu Einkaufskonditionen\" >Auskunft zu Einkaufskonditionen<\/option><option value=\"Frage zum Onlineshop\" >Frage zum Onlineshop<\/option><option value=\"Sponsoringanfrage\" >Sponsoringanfrage<\/option><option value=\"Frage zu Rechnungen \/ Zahlungen\" >Frage zu Rechnungen \/ Zahlungen<\/option><option value=\"Administrative Anfrage\" >Administrative Anfrage<\/option><option value=\"Angebot unterbreiten (Dienstleistung\/Produkt\/Zusammenarbeit)\" >Angebot unterbreiten (Dienstleistung\/Produkt\/Zusammenarbeit)<\/option><option value=\"Medizinische Auskunft zu einem Produkt f\u00fcr medizinisches Fachpersonal\" >Medizinische Auskunft zu einem Produkt f\u00fcr medizinisches Fachpersonal<\/option><option value=\"Nebenwirkung zu einem Arzneimittel oder Medizinprodukt melden\" >Nebenwirkung zu einem Arzneimittel oder Medizinprodukt melden<\/option><\/select><\/div><div id=\"wpforms-5260-field_32-container\" class=\"wpforms-field wpforms-field-select wpforms-conditional-field wpforms-conditional-show wpforms-field-select-style-classic\" data-field-id=\"32\" style=\"display:none;\"><label class=\"wpforms-field-label\" for=\"wpforms-5260-field_32\">Kein Thema ausgew\u00e4hlt <span class=\"wpforms-required-label\">*<\/span><\/label><select id=\"wpforms-5260-field_32\" class=\"wpforms-field-medium wpforms-field-required\" name=\"wpforms[fields][32]\" required=\"required\"><option value=\"\" class=\"placeholder\" disabled  selected='selected'>Nessun argomento selezionato<\/option><option value=\"Betnesol\" >Betnesol<\/option><option value=\"Carnitene\" >Carnitene<\/option><option value=\"Ceclor\" >Ceclor<\/option><option value=\"Clensia\" >Clensia<\/option><option value=\"Eltroxin-LF\" >Eltroxin-LF<\/option><option value=\"Lodine\" >Lodine<\/option><option value=\"ProIBS\" >ProIBS<\/option><option value=\"Proxeed Plus \/ Proxeed Woman\" >Proxeed Plus \/ Proxeed Woman<\/option><option value=\"Xifaxan\" >Xifaxan<\/option><\/select><\/div><div id=\"wpforms-5260-field_33-container\" class=\"wpforms-field wpforms-field-select wpforms-conditional-field wpforms-conditional-show wpforms-field-select-style-classic\" data-field-id=\"33\" style=\"display:none;\"><label class=\"wpforms-field-label wpforms-label-hide\" for=\"wpforms-5260-field_33\">Kein Thema ausgew\u00e4hlt <span class=\"wpforms-required-label\">*<\/span><\/label><select id=\"wpforms-5260-field_33\" class=\"wpforms-field-medium wpforms-field-required\" name=\"wpforms[fields][33]\" required=\"required\"><option value=\"\" class=\"placeholder\" disabled  selected='selected'>Nessun argomento selezionato<\/option><option value=\"Betnesol\" >Betnesol<\/option><option value=\"Carnitene\" >Carnitene<\/option><option value=\"Ceclor\" >Ceclor<\/option><option value=\"Clensia\" >Clensia<\/option><option value=\"Eltroxin-LF\" >Eltroxin-LF<\/option><option value=\"Lodine\" >Lodine<\/option><option value=\"ProIBS\" >ProIBS<\/option><option value=\"Proxeed Plus \/ Proxeed Woman\" >Proxeed Plus \/ Proxeed Woman<\/option><option value=\"Xifaxan\" >Xifaxan<\/option><\/select><\/div><div id=\"wpforms-5260-field_34-container\" class=\"wpforms-field wpforms-field-select wpforms-conditional-field wpforms-conditional-show wpforms-field-select-style-classic\" data-field-id=\"34\" style=\"display:none;\"><label class=\"wpforms-field-label wpforms-label-hide\" for=\"wpforms-5260-field_34\">Kein Thema ausgew\u00e4hlt <span class=\"wpforms-required-label\">*<\/span><\/label><select id=\"wpforms-5260-field_34\" class=\"wpforms-field-medium wpforms-field-required\" name=\"wpforms[fields][34]\" required=\"required\"><option value=\"\" class=\"placeholder\" disabled  selected='selected'>Nessun argomento selezionato<\/option><option value=\"Carnidyn\" >Carnidyn<\/option><option value=\"ProIBS\" >ProIBS<\/option><option value=\"Proxeed Plus \/ Proxeed Woman\" >Proxeed Plus \/ Proxeed Woman<\/option><option value=\"Frage zu meiner Bestellung\" >Frage zu meiner Bestellung<\/option><option value=\"Andere administrative Frage\" >Andere administrative Frage<\/option><\/select><\/div><div id=\"wpforms-5260-field_30-container\" class=\"wpforms-field wpforms-field-text\" data-field-id=\"30\"><label class=\"wpforms-field-label wpforms-label-hide\" for=\"wpforms-5260-field_30\">Betreff* <span class=\"wpforms-required-label\">*<\/span><\/label><input type=\"text\" id=\"wpforms-5260-field_30\" class=\"wpforms-field-medium wpforms-field-required\" name=\"wpforms[fields][30]\" placeholder=\"Betreff*\" required><\/div><div id=\"wpforms-5260-field_17-container\" class=\"wpforms-field wpforms-field-textarea\" data-field-id=\"17\"><label class=\"wpforms-field-label wpforms-label-hide\" for=\"wpforms-5260-field_17\">Text<\/label><textarea id=\"wpforms-5260-field_17\" class=\"wpforms-field-medium\" name=\"wpforms[fields][17]\" placeholder=\"Text\" ><\/textarea><\/div><div id=\"wpforms-5260-field_19-container\" class=\"wpforms-field wpforms-field-checkbox\" data-field-id=\"19\"><label class=\"wpforms-field-label wpforms-label-hide\" for=\"wpforms-5260-field_19\">Trattamento dati personali <span class=\"wpforms-required-label\">*<\/span><\/label><ul id=\"wpforms-5260-field_19\" class=\"wpforms-field-required\"><li class=\"choice-1 depth-1\"><input type=\"checkbox\" id=\"wpforms-5260-field_19_1\" name=\"wpforms[fields][19][]\" value=\"&lt;a href=&quot;\/richtlinie-pharmakovigilanz\/&quot;&gt;Ich stimme zu, dass ich die Informationsschrift sorgf\u00e4ltig und bewusst gelesen habe und \u00fcber meine Rechte vollst\u00e4ndig informiert wurde&lt;\/a&gt;\" required ><label class=\"wpforms-field-label-inline\" for=\"wpforms-5260-field_19_1\"><a href=\"\/richtlinie-pharmakovigilanz\/\">Ich stimme zu, dass ich die Informationsschrift sorgf\u00e4ltig und bewusst gelesen habe und \u00fcber meine Rechte vollst\u00e4ndig informiert wurde<\/a><\/label><\/li><\/ul><\/div><\/div><!-- .wpforms-field-container --><div class=\"wpforms-recaptcha-container wpforms-is-recaptcha wpforms-is-recaptcha-type-v2\" ><div class=\"g-recaptcha\" data-sitekey=\"6LekHd8fAAAAAAgKZR3ZZhQF_sci_2FGfixlbc2F\"><\/div><input type=\"text\" name=\"g-recaptcha-hidden\" class=\"wpforms-recaptcha-hidden\" style=\"position:absolute!important;clip:rect(0,0,0,0)!important;height:1px!important;width:1px!important;border:0!important;overflow:hidden!important;padding:0!important;margin:0!important;\" data-rule-recaptcha=\"1\"><\/div><div class=\"wpforms-submit-container\" ><input type=\"hidden\" name=\"wpforms[id]\" value=\"5260\"><input type=\"hidden\" name=\"page_title\" value=\"\"><input type=\"hidden\" name=\"page_url\" value=\"https:\/\/de.alfasigma.com\/index.php?rest_route=%2Fwp%2Fv2%2Fpages%2F826\"><button type=\"submit\" name=\"wpforms[submit]\" id=\"wpforms-submit-5260\" class=\"wpforms-submit\" data-alt-text=\"Senden...\" data-submit-text=\"Senden\" aria-live=\"assertive\" value=\"wpforms-submit\">Senden<\/button><\/div><\/form><\/div>  <!-- .wpforms-container -->            <\/div>\n\t\t\t\t<\/div>\n\t\t\t\t<\/div>\n\t\t\t\t\t<\/div>\n\t\t<\/div>\n\t\t\t\t\t<\/div>\n\t\t<\/section>\n\t\t\t\t\t<\/div>\n\t\t<\/div>\n\t\t\t\t\t<\/div>\n\t\t<\/section>\n\t\t\t\t<\/div>\n\t\t","protected":false},"excerpt":{"rendered":"<p>Unser Unternehmen \/ Ethik und Transparenz \/ Pharmakovigilanz Nebenwirkungsmeldungen Wie melde ich eine Nebenwirkung? Die von den europ\u00e4ischen und \/ oder deutschen Beh\u00f6rden zugelassenen Arzneimittel sind strengen Pr\u00fcfungen unterworfen, bevor sie Patient:innen verordnet und an sie abgegeben werden. Dennoch k\u00f6nnen Nebenwirkungen auftreten \u2013 auch solche, die (noch) nicht in der Packungsbeilage aufgef\u00fchrt sind. Bitte informieren &hellip; <a href=\"https:\/\/de.alfasigma.com\/?page_id=826\">Continued<\/a><\/p>\n","protected":false},"author":1,"featured_media":1892,"parent":189,"menu_order":0,"comment_status":"closed","ping_status":"closed","template":"views\/template-custom.blade.php","meta":{"_acf_changed":false,"footnotes":""},"class_list":["post-826","page","type-page","status-publish","has-post-thumbnail","hentry"],"acf":[],"yoast_head":"<!-- This site is optimized with the Yoast SEO plugin v27.3 - https:\/\/yoast.com\/product\/yoast-seo-wordpress\/ -->\n<title>Alfasigma GmbH - Pharmakovigilanz<\/title>\n<meta name=\"description\" content=\"Informazioni e contatti dell&#039;Ufficio Farmacovigilanza di Alfasigma per segnalare eventuali effetti indesiderati dei farmaci\" \/>\n<meta name=\"robots\" content=\"index,follow\" \/>\n<link rel=\"canonical\" href=\"https:\/\/de.alfasigma.com\/?page_id=826\" \/>\n<meta property=\"og:locale\" content=\"de_DE\" \/>\n<meta property=\"og:type\" content=\"article\" \/>\n<meta property=\"og:title\" content=\"Alfasigma GmbH - Pharmakovigilanz\" \/>\n<meta property=\"og:description\" content=\"Informazioni e contatti dell&#039;Ufficio Farmacovigilanza di Alfasigma per segnalare eventuali effetti indesiderati dei farmaci\" \/>\n<meta property=\"og:url\" content=\"https:\/\/de.alfasigma.com\/?page_id=826\" \/>\n<meta property=\"og:site_name\" content=\"Alfasigma GmbH\" \/>\n<meta property=\"article:modified_time\" content=\"2023-10-17T14:58:16+00:00\" \/>\n<meta property=\"og:image\" content=\"https:\/\/de.alfasigma.com\/wp-content\/uploads\/2020\/07\/POMEZIA_0819_FOTO_NICCOLO_BIDDAU-dida-1.jpg\" \/>\n\t<meta property=\"og:image:width\" content=\"1920\" \/>\n\t<meta property=\"og:image:height\" content=\"1080\" \/>\n\t<meta property=\"og:image:type\" content=\"image\/jpeg\" \/>\n<meta name=\"twitter:card\" content=\"summary_large_image\" \/>\n<meta name=\"twitter:label1\" content=\"Gesch\u00e4tzte Lesezeit\" \/>\n\t<meta name=\"twitter:data1\" content=\"2\u00a0Minuten\" \/>\n<script type=\"application\/ld+json\" class=\"yoast-schema-graph\">{\"@context\":\"https:\\\/\\\/schema.org\",\"@graph\":[{\"@type\":\"WebPage\",\"@id\":\"https:\\\/\\\/de.alfasigma.com\\\/?page_id=826\",\"url\":\"https:\\\/\\\/de.alfasigma.com\\\/?page_id=826\",\"name\":\"Alfasigma GmbH - Pharmakovigilanz\",\"isPartOf\":{\"@id\":\"https:\\\/\\\/de.alfasigma.com\\\/#website\"},\"primaryImageOfPage\":{\"@id\":\"https:\\\/\\\/de.alfasigma.com\\\/?page_id=826#primaryimage\"},\"image\":{\"@id\":\"https:\\\/\\\/de.alfasigma.com\\\/?page_id=826#primaryimage\"},\"thumbnailUrl\":\"https:\\\/\\\/de.alfasigma.com\\\/wp-content\\\/uploads\\\/2020\\\/07\\\/POMEZIA_0819_FOTO_NICCOLO_BIDDAU-dida-1.jpg\",\"datePublished\":\"2020-05-13T12:47:15+00:00\",\"dateModified\":\"2023-10-17T14:58:16+00:00\",\"description\":\"Informazioni e contatti dell'Ufficio Farmacovigilanza di Alfasigma per segnalare eventuali effetti indesiderati dei farmaci\",\"breadcrumb\":{\"@id\":\"https:\\\/\\\/de.alfasigma.com\\\/?page_id=826#breadcrumb\"},\"inLanguage\":\"de\",\"potentialAction\":[{\"@type\":\"ReadAction\",\"target\":[\"https:\\\/\\\/de.alfasigma.com\\\/?page_id=826\"]}]},{\"@type\":\"ImageObject\",\"inLanguage\":\"de\",\"@id\":\"https:\\\/\\\/de.alfasigma.com\\\/?page_id=826#primaryimage\",\"url\":\"https:\\\/\\\/de.alfasigma.com\\\/wp-content\\\/uploads\\\/2020\\\/07\\\/POMEZIA_0819_FOTO_NICCOLO_BIDDAU-dida-1.jpg\",\"contentUrl\":\"https:\\\/\\\/de.alfasigma.com\\\/wp-content\\\/uploads\\\/2020\\\/07\\\/POMEZIA_0819_FOTO_NICCOLO_BIDDAU-dida-1.jpg\",\"width\":1920,\"height\":1080},{\"@type\":\"BreadcrumbList\",\"@id\":\"https:\\\/\\\/de.alfasigma.com\\\/?page_id=826#breadcrumb\",\"itemListElement\":[{\"@type\":\"ListItem\",\"position\":1,\"name\":\"Home\",\"item\":\"https:\\\/\\\/de.alfasigma.com\\\/\"},{\"@type\":\"ListItem\",\"position\":2,\"name\":\"Unser Unternehmen\",\"item\":\"https:\\\/\\\/de.alfasigma.com\\\/?page_id=104\"},{\"@type\":\"ListItem\",\"position\":3,\"name\":\"Ethik und Transparenz\",\"item\":\"https:\\\/\\\/de.alfasigma.com\\\/?page_id=189\"},{\"@type\":\"ListItem\",\"position\":4,\"name\":\"Pharmakovigilanz\"}]},{\"@type\":\"WebSite\",\"@id\":\"https:\\\/\\\/de.alfasigma.com\\\/#website\",\"url\":\"https:\\\/\\\/de.alfasigma.com\\\/\",\"name\":\"Alfasigma GmbH\",\"description\":\"Pharmaceuticals with passion\",\"potentialAction\":[{\"@type\":\"SearchAction\",\"target\":{\"@type\":\"EntryPoint\",\"urlTemplate\":\"https:\\\/\\\/de.alfasigma.com\\\/?s={search_term_string}\"},\"query-input\":{\"@type\":\"PropertyValueSpecification\",\"valueRequired\":true,\"valueName\":\"search_term_string\"}}],\"inLanguage\":\"de\"}]}<\/script>\n<!-- \/ Yoast SEO plugin. -->","yoast_head_json":{"title":"Alfasigma GmbH - Pharmakovigilanz","description":"Informazioni e contatti dell'Ufficio Farmacovigilanza di Alfasigma per segnalare eventuali effetti indesiderati dei farmaci","robots":{"index,follow":"index,follow"},"canonical":"https:\/\/de.alfasigma.com\/?page_id=826","og_locale":"de_DE","og_type":"article","og_title":"Alfasigma GmbH - Pharmakovigilanz","og_description":"Informazioni e contatti dell'Ufficio Farmacovigilanza di Alfasigma per segnalare eventuali effetti indesiderati dei farmaci","og_url":"https:\/\/de.alfasigma.com\/?page_id=826","og_site_name":"Alfasigma GmbH","article_modified_time":"2023-10-17T14:58:16+00:00","og_image":[{"width":1920,"height":1080,"url":"https:\/\/de.alfasigma.com\/wp-content\/uploads\/2020\/07\/POMEZIA_0819_FOTO_NICCOLO_BIDDAU-dida-1.jpg","type":"image\/jpeg"}],"twitter_card":"summary_large_image","twitter_misc":{"Gesch\u00e4tzte Lesezeit":"2\u00a0Minuten"},"schema":{"@context":"https:\/\/schema.org","@graph":[{"@type":"WebPage","@id":"https:\/\/de.alfasigma.com\/?page_id=826","url":"https:\/\/de.alfasigma.com\/?page_id=826","name":"Alfasigma GmbH - Pharmakovigilanz","isPartOf":{"@id":"https:\/\/de.alfasigma.com\/#website"},"primaryImageOfPage":{"@id":"https:\/\/de.alfasigma.com\/?page_id=826#primaryimage"},"image":{"@id":"https:\/\/de.alfasigma.com\/?page_id=826#primaryimage"},"thumbnailUrl":"https:\/\/de.alfasigma.com\/wp-content\/uploads\/2020\/07\/POMEZIA_0819_FOTO_NICCOLO_BIDDAU-dida-1.jpg","datePublished":"2020-05-13T12:47:15+00:00","dateModified":"2023-10-17T14:58:16+00:00","description":"Informazioni e contatti dell'Ufficio Farmacovigilanza di Alfasigma per segnalare eventuali effetti indesiderati dei farmaci","breadcrumb":{"@id":"https:\/\/de.alfasigma.com\/?page_id=826#breadcrumb"},"inLanguage":"de","potentialAction":[{"@type":"ReadAction","target":["https:\/\/de.alfasigma.com\/?page_id=826"]}]},{"@type":"ImageObject","inLanguage":"de","@id":"https:\/\/de.alfasigma.com\/?page_id=826#primaryimage","url":"https:\/\/de.alfasigma.com\/wp-content\/uploads\/2020\/07\/POMEZIA_0819_FOTO_NICCOLO_BIDDAU-dida-1.jpg","contentUrl":"https:\/\/de.alfasigma.com\/wp-content\/uploads\/2020\/07\/POMEZIA_0819_FOTO_NICCOLO_BIDDAU-dida-1.jpg","width":1920,"height":1080},{"@type":"BreadcrumbList","@id":"https:\/\/de.alfasigma.com\/?page_id=826#breadcrumb","itemListElement":[{"@type":"ListItem","position":1,"name":"Home","item":"https:\/\/de.alfasigma.com\/"},{"@type":"ListItem","position":2,"name":"Unser Unternehmen","item":"https:\/\/de.alfasigma.com\/?page_id=104"},{"@type":"ListItem","position":3,"name":"Ethik und Transparenz","item":"https:\/\/de.alfasigma.com\/?page_id=189"},{"@type":"ListItem","position":4,"name":"Pharmakovigilanz"}]},{"@type":"WebSite","@id":"https:\/\/de.alfasigma.com\/#website","url":"https:\/\/de.alfasigma.com\/","name":"Alfasigma GmbH","description":"Pharmaceuticals with passion","potentialAction":[{"@type":"SearchAction","target":{"@type":"EntryPoint","urlTemplate":"https:\/\/de.alfasigma.com\/?s={search_term_string}"},"query-input":{"@type":"PropertyValueSpecification","valueRequired":true,"valueName":"search_term_string"}}],"inLanguage":"de"}]}},"_links":{"self":[{"href":"https:\/\/de.alfasigma.com\/index.php?rest_route=\/wp\/v2\/pages\/826","targetHints":{"allow":["GET"]}}],"collection":[{"href":"https:\/\/de.alfasigma.com\/index.php?rest_route=\/wp\/v2\/pages"}],"about":[{"href":"https:\/\/de.alfasigma.com\/index.php?rest_route=\/wp\/v2\/types\/page"}],"author":[{"embeddable":true,"href":"https:\/\/de.alfasigma.com\/index.php?rest_route=\/wp\/v2\/users\/1"}],"replies":[{"embeddable":true,"href":"https:\/\/de.alfasigma.com\/index.php?rest_route=%2Fwp%2Fv2%2Fcomments&post=826"}],"version-history":[{"count":0,"href":"https:\/\/de.alfasigma.com\/index.php?rest_route=\/wp\/v2\/pages\/826\/revisions"}],"up":[{"embeddable":true,"href":"https:\/\/de.alfasigma.com\/index.php?rest_route=\/wp\/v2\/pages\/189"}],"wp:featuredmedia":[{"embeddable":true,"href":"https:\/\/de.alfasigma.com\/index.php?rest_route=\/wp\/v2\/media\/1892"}],"wp:attachment":[{"href":"https:\/\/de.alfasigma.com\/index.php?rest_route=%2Fwp%2Fv2%2Fmedia&parent=826"}],"curies":[{"name":"wp","href":"https:\/\/api.w.org\/{rel}","templated":true}]}}